{"id":10915,"date":"2024-05-28T09:41:34","date_gmt":"2024-05-28T07:41:34","guid":{"rendered":"https:\/\/headspace.dk\/?page_id=10915"},"modified":"2026-01-05T11:40:57","modified_gmt":"2026-01-05T10:40:57","slug":"headspace-family-book-en-samtale","status":"publish","type":"page","link":"https:\/\/headspace.dk\/en\/headspace-family-book-en-samtale\/","title":{"rendered":"headspace Family book a conversation"},"content":{"rendered":"<p><div class=\"fusion-fullwidth fullwidth-box fusion-builder-row-1 fusion-flex-container has-pattern-background has-mask-background fusion-parallax-none nonhundred-percent-fullwidth non-hundred-percent-height-scrolling lazyload\" style=\"--awb-background-blend-mode:multiply;--awb-border-radius-top-left:0px;--awb-border-radius-top-right:0px;--awb-border-radius-bottom-right:0px;--awb-border-radius-bottom-left:0px;--awb-min-height:70vh;--awb-background-size:cover;--awb-flex-wrap:wrap;\" data-bg=\"https:\/\/headspace.dk\/wp-content\/uploads\/2025\/12\/hs-family-back-10-1.webp\" ><div class=\"fusion-builder-row fusion-row fusion-flex-align-items-center fusion-flex-align-content-center fusion-flex-justify-content-center fusion-flex-content-wrap\" style=\"max-width:1508px;margin-left: calc(-4% \/ 2 );margin-right: calc(-4% \/ 2 );\"><div class=\"fusion-layout-column fusion_builder_column fusion-builder-column-0 fusion_builder_column_2_5 2_5 fusion-flex-column fusion-flex-align-self-center\" style=\"--awb-bg-size:cover;--awb-width-large:40%;--awb-margin-top-large:0px;--awb-spacing-right-large:4.8%;--awb-margin-bottom-large:0px;--awb-spacing-left-large:4.8%;--awb-width-medium:40%;--awb-order-medium:0;--awb-spacing-right-medium:4.8%;--awb-spacing-left-medium:4.8%;--awb-width-small:100%;--awb-order-small:0;--awb-spacing-right-small:1.92%;--awb-spacing-left-small:1.92%;\"><div class=\"fusion-column-wrapper fusion-column-has-shadow fusion-flex-justify-content-center fusion-content-layout-column\"><div class=\"fusion-image-element\" style=\"text-align:center;--awb-caption-title-font-family:var(--h2_typography-font-family);--awb-caption-title-font-weight:var(--h2_typography-font-weight);--awb-caption-title-font-style:var(--h2_typography-font-style);--awb-caption-title-size:var(--h2_typography-font-size);--awb-caption-title-transform:var(--h2_typography-text-transform);--awb-caption-title-line-height:var(--h2_typography-line-height);--awb-caption-title-letter-spacing:var(--h2_typography-letter-spacing);\"><span class=\"fusion-imageframe imageframe-none imageframe-1 hover-type-none\"><img decoding=\"async\" width=\"925\" height=\"392\" title=\"headspace Family logo 2\" src=\"https:\/\/headspace.dk\/wp-content\/uploads\/2024\/05\/headspace-Family-logo-2.png\" data-orig-src=\"https:\/\/headspace.dk\/wp-content\/uploads\/2024\/05\/headspace-Family-logo-2.png\" alt class=\"lazyload img-responsive wp-image-10970\" srcset=\"data:image\/svg+xml,%3Csvg%20xmlns%3D%27http%3A%2F%2Fwww.w3.org%2F2000%2Fsvg%27%20width%3D%27925%27%20height%3D%27392%27%20viewBox%3D%270%200%20925%20392%27%3E%3Crect%20width%3D%27925%27%20height%3D%27392%27%20fill-opacity%3D%220%22%2F%3E%3C%2Fsvg%3E\" data-srcset=\"https:\/\/headspace.dk\/wp-content\/uploads\/2024\/05\/headspace-Family-logo-2-200x85.png 200w, https:\/\/headspace.dk\/wp-content\/uploads\/2024\/05\/headspace-Family-logo-2-400x170.png 400w, https:\/\/headspace.dk\/wp-content\/uploads\/2024\/05\/headspace-Family-logo-2-600x254.png 600w, https:\/\/headspace.dk\/wp-content\/uploads\/2024\/05\/headspace-Family-logo-2-800x339.png 800w, https:\/\/headspace.dk\/wp-content\/uploads\/2024\/05\/headspace-Family-logo-2.png 925w\" data-sizes=\"auto\" data-orig-sizes=\"(max-width: 640px) 100vw, 600px\" \/><\/span><\/div><\/div><\/div><\/div><\/div><div class=\"fusion-fullwidth fullwidth-box fusion-builder-row-2 fusion-flex-container has-pattern-background has-mask-background fusion-parallax-none nonhundred-percent-fullwidth non-hundred-percent-height-scrolling lazyload\" style=\"--awb-background-position:right bottom;--awb-border-radius-top-left:0px;--awb-border-radius-top-right:0px;--awb-border-radius-bottom-right:0px;--awb-border-radius-bottom-left:0px;--awb-padding-top:3em;--awb-padding-bottom:3em;--awb-min-height:70vh;--awb-background-size:contain;--awb-flex-wrap:wrap;\" data-bg=\"https:\/\/headspace.dk\/wp-content\/uploads\/2025\/11\/cloud.webp\" ><div class=\"fusion-builder-row fusion-row fusion-flex-align-items-center fusion-flex-justify-content-center fusion-flex-content-wrap\" style=\"max-width:1508px;margin-left: calc(-4% \/ 2 );margin-right: calc(-4% \/ 2 );\"><div class=\"fusion-layout-column fusion_builder_column fusion-builder-column-1 fusion_builder_column_4_5 4_5 fusion-flex-column fusion-flex-align-self-center\" style=\"--awb-bg-size:cover;--awb-width-large:80%;--awb-margin-top-large:2em;--awb-spacing-right-large:2.4%;--awb-margin-bottom-large:5em;--awb-spacing-left-large:2.4%;--awb-width-medium:80%;--awb-order-medium:0;--awb-spacing-right-medium:2.4%;--awb-spacing-left-medium:2.4%;--awb-width-small:100%;--awb-order-small:0;--awb-spacing-right-small:1.92%;--awb-spacing-left-small:1.92%;\"><div class=\"fusion-column-wrapper fusion-column-has-shadow fusion-flex-justify-content-flex-start fusion-content-layout-column\"><div class=\"fusion-title title fusion-title-1 fusion-sep-none fusion-title-text fusion-title-size-one\" style=\"--awb-text-color:var(--awb-custom_color_7);--awb-margin-top-small:10px;--awb-margin-right-small:0px;--awb-margin-bottom-small:10px;--awb-margin-left-small:0px;\"><h1 class=\"fusion-title-heading title-heading-left fusion-responsive-typography-calculated\" style=\"font-family:&quot;Century gothic bold&quot;;font-style:normal;font-weight:400;margin:0;--fontSize:30;line-height:var(--awb-typography1-line-height);\"><strong>Book a meeting<\/strong><\/h1><\/div><div class=\"fusion-text fusion-text-1\" style=\"--awb-font-size:1em;--awb-text-font-family:&quot;Century gothic&quot;;--awb-text-font-style:normal;--awb-text-font-weight:400;\"><p class=\"translation-block\">headspace Family supports young people aged 12\u201325 who are struggling by offering in-person, video, and phone sessions for them, their families, and loved ones at our five centres in Denmark \u2013 <strong>Helsing\u00f8r, Holb\u00e6k, Guldborgsund, Aarhus and Faaborg-Midtfyn<\/strong>.\nWe help with both big and small concerns that affect the young person and family relationships in everyday life. Below, you can find your nearest centre, where you can book a session or learn more about what we offer.<\/p>\n<\/div><\/div><\/div><div class=\"fusion-layout-column fusion_builder_column fusion-builder-column-2 fusion_builder_column_2_5 2_5 fusion-flex-column\" style=\"--awb-bg-size:cover;--awb-width-large:40%;--awb-margin-top-large:0px;--awb-spacing-right-large:4.8%;--awb-margin-bottom-large:20px;--awb-spacing-left-large:4.8%;--awb-width-medium:40%;--awb-order-medium:0;--awb-spacing-right-medium:4.8%;--awb-spacing-left-medium:4.8%;--awb-width-small:100%;--awb-order-small:0;--awb-spacing-right-small:1.92%;--awb-spacing-left-small:1.92%;\"><div class=\"fusion-column-wrapper fusion-column-has-shadow fusion-flex-justify-content-flex-start fusion-content-layout-column\"><div class=\"fusion-image-element\" style=\"text-align:center;--awb-max-width:400px;--awb-caption-title-font-family:var(--h2_typography-font-family);--awb-caption-title-font-weight:var(--h2_typography-font-weight);--awb-caption-title-font-style:var(--h2_typography-font-style);--awb-caption-title-size:var(--h2_typography-font-size);--awb-caption-title-transform:var(--h2_typography-text-transform);--awb-caption-title-line-height:var(--h2_typography-line-height);--awb-caption-title-letter-spacing:var(--h2_typography-letter-spacing);\"><span class=\"fusion-imageframe imageframe-none imageframe-2 hover-type-none\"><img decoding=\"async\" width=\"834\" height=\"834\" alt=\"Telefon icon\" title=\"hs Family 2025-08\" src=\"data:image\/svg+xml,%3Csvg%20xmlns%3D%27http%3A%2F%2Fwww.w3.org%2F2000%2Fsvg%27%20width%3D%27834%27%20height%3D%27834%27%20viewBox%3D%270%200%20834%20834%27%3E%3Crect%20width%3D%27834%27%20height%3D%27834%27%20fill-opacity%3D%220%22%2F%3E%3C%2Fsvg%3E\" data-orig-src=\"https:\/\/headspace.dk\/wp-content\/uploads\/2025\/11\/hs-Family-2025-08.webp\" class=\"lazyload img-responsive wp-image-19224\"\/><\/span><\/div><\/div><\/div><div class=\"fusion-layout-column fusion_builder_column fusion-builder-column-3 fusion_builder_column_2_5 2_5 fusion-flex-column\" style=\"--awb-bg-size:cover;--awb-width-large:40%;--awb-margin-top-large:0px;--awb-spacing-right-large:4.8%;--awb-margin-bottom-large:20px;--awb-spacing-left-large:4.8%;--awb-width-medium:40%;--awb-order-medium:0;--awb-spacing-right-medium:4.8%;--awb-spacing-left-medium:4.8%;--awb-width-small:100%;--awb-order-small:0;--awb-spacing-right-small:1.92%;--awb-spacing-left-small:1.92%;\"><div class=\"fusion-column-wrapper fusion-column-has-shadow fusion-flex-justify-content-flex-start fusion-content-layout-column\"><div class=\"fusion-title title fusion-title-2 fusion-sep-none fusion-title-text fusion-title-size-two\" style=\"--awb-text-color:var(--awb-custom_color_7);--awb-margin-top-small:10px;--awb-margin-right-small:0px;--awb-margin-bottom-small:10px;--awb-margin-left-small:0px;\"><h2 class=\"fusion-title-heading title-heading-left fusion-responsive-typography-calculated\" style=\"font-family:&quot;Century gothic bold&quot;;font-style:normal;font-weight:400;margin:0;--fontSize:22.5;line-height:var(--awb-typography1-line-height);\">SEND A TEXT TO YOUR CENTER<\/h2><\/div><div class=\"fusion-text fusion-text-2\" style=\"--awb-text-font-family:&quot;Century gothic&quot;;--awb-text-font-style:normal;--awb-text-font-weight:400;\"><p><b style=\"font-size: 1em;\" data-fusion-font=\"true\">Would you like to send a text to your nearest headspace Family?<\/b><\/p>\n<p style=\"font-size: 1em;\" data-fusion-font=\"true\">You can send a text directly to your closest centre.<\/p>\n<p class=\"translation-block\"><b style=\"color: var(--awb-text-color);font-family: var(--awb-text-font-family);font-style: var(--awb-text-font-style);letter-spacing: var(--awb-letter-spacing);text-align: var(--awb-content-alignment);text-transform: var(--awb-text-transform);background-color: var(--awb-bg-color-medium-hover);font-size: 1em\" data-fusion-font=\"true\">\nDon\u2019t know your nearest centre?<br>\nCheck the map,<\/b> and find the headspace Family centre closest to you. You can reach out to any centre you like.<\/p>\n<\/div><\/div><\/div><div class=\"fusion-layout-column fusion_builder_column fusion-builder-column-4 fusion_builder_column_3_4 3_4 fusion-flex-column\" style=\"--awb-bg-size:cover;--awb-width-large:75%;--awb-margin-top-large:1em;--awb-spacing-right-large:2.56%;--awb-margin-bottom-large:1em;--awb-spacing-left-large:2.56%;--awb-width-medium:75%;--awb-order-medium:0;--awb-spacing-right-medium:2.56%;--awb-spacing-left-medium:2.56%;--awb-width-small:100%;--awb-order-small:0;--awb-spacing-right-small:1.92%;--awb-spacing-left-small:1.92%;\"><div class=\"fusion-column-wrapper fusion-column-has-shadow fusion-flex-justify-content-flex-start fusion-content-layout-column\"><div class=\"fusion-title title fusion-title-3 fusion-sep-none fusion-title-text fusion-title-size-two\" style=\"--awb-text-color:var(--awb-custom_color_7);--awb-margin-top-small:10px;--awb-margin-right-small:0px;--awb-margin-bottom-small:10px;--awb-margin-left-small:0px;\"><h2 class=\"fusion-title-heading title-heading-left fusion-responsive-typography-calculated\" style=\"font-family:&quot;Century gothic bold&quot;;font-style:normal;font-weight:400;margin:0;--fontSize:22.5;line-height:var(--awb-typography1-line-height);\"><strong>FIND YOUR HEADSPACE FAMILY<\/strong><\/h2><\/div><div class=\"fusion-text fusion-text-3\" style=\"--awb-text-font-family:&quot;Century gothic&quot;;--awb-text-font-style:normal;--awb-text-font-weight:400;\"><p style=\"text-align: left;\"><b>Find contact information for your local headspace Family center and learn more about it.<br \/>\n<\/b><\/p>\n<\/div><div class=\"fusion-text fusion-text-4\" style=\"--awb-text-font-family:&quot;Century gothic&quot;;--awb-text-font-style:normal;--awb-text-font-weight:400;\"><p style=\"text-align: left;\"><a href=\"https:\/\/headspace.dk\/en\/departments\/headspace-family-aarhus\/\">headspace Family <span style=\"color: #81b428;\"><b>Aarhus &gt;<\/b><\/span><\/a><br \/>\n<a href=\"https:\/\/headspace.dk\/en\/departments\/headspace-family-helsingoer\/\">headspace Family <span style=\"color: #81b428;\"><b>Elsinore &gt;<\/b><\/span><\/a><br \/>\n<a href=\"https:\/\/headspace.dk\/en\/departments\/headspace-family-holbaek\/\">headspace Family <span style=\"color: #81b428;\"><b>Holb\u00e6k &gt;<\/b><\/span><\/a><br \/>\n<a href=\"https:\/\/headspace.dk\/en\/departments\/headspace-family-faaborg-midtfyn\/\">headspace Family <span style=\"color: #81b428;\"><b>Faaborg-Midtfyn &gt;<\/b><\/span><\/a><br \/>\n<a href=\"https:\/\/headspace.dk\/en\/departments\/headspace-family-guldborgsund\/\">headspace Family <span style=\"color: #81b428;\"><b>Guldborgsund &gt;<\/b><\/span><\/a><\/p>\n<p>&nbsp;<\/p>\n<\/div><div id=\"wpsl-base-gmap_0\" class=\"wpsl-gmap-canvas\"><\/div>\r\n<style>#wpsl-base-gmap_0 {height:600px;}<\/style>\r\n<\/div><\/div><\/div><\/div><\/p>","protected":false},"excerpt":{"rendered":"","protected":false},"author":4,"featured_media":0,"parent":0,"menu_order":0,"comment_status":"closed","ping_status":"closed","template":"100-width.php","meta":{"footnotes":""},"class_list":["post-10915","page","type-page","status-publish","hentry"],"yoast_head":"<!-- This site is optimized with the Yoast SEO plugin v27.3 - https:\/\/yoast.com\/product\/yoast-seo-wordpress\/ -->\n<title>headspace Family book en samtale - headspace<\/title>\n<meta name=\"description\" content=\"headspace Family hj\u00e6lper 12-25-\u00e5rige, der mistrives, ved at tilbyde fysiske, video- og telefonsamtaler til for\u00e6ldre og p\u00e5r\u00f8rende\" \/>\n<meta name=\"robots\" content=\"index, follow, max-snippet:-1, max-image-preview:large, max-video-preview:-1\" \/>\n<link rel=\"canonical\" href=\"https:\/\/headspace.dk\/en\/headspace-family-book-en-samtale\/\" \/>\n<meta property=\"og:locale\" content=\"en_US\" \/>\n<meta property=\"og:type\" content=\"article\" \/>\n<meta property=\"og:title\" content=\"headspace Family book en samtale - headspace\" \/>\n<meta property=\"og:description\" content=\"headspace Family hj\u00e6lper 12-25-\u00e5rige, der mistrives, ved at tilbyde fysiske, video- og telefonsamtaler til for\u00e6ldre og p\u00e5r\u00f8rende\" \/>\n<meta property=\"og:url\" content=\"https:\/\/headspace.dk\/en\/headspace-family-book-en-samtale\/\" \/>\n<meta property=\"og:site_name\" content=\"headspace\" \/>\n<meta property=\"article:publisher\" content=\"https:\/\/www.facebook.com\/HeadspaceDanmark\/\" \/>\n<meta property=\"article:modified_time\" content=\"2026-01-05T10:40:57+00:00\" \/>\n<meta name=\"twitter:card\" content=\"summary_large_image\" \/>\n<meta name=\"twitter:label1\" content=\"Est. reading time\" \/>\n\t<meta name=\"twitter:data1\" content=\"2 minutes\" \/>\n<script type=\"application\/ld+json\" class=\"yoast-schema-graph\">{\"@context\":\"https:\\\/\\\/schema.org\",\"@graph\":[{\"@type\":\"WebPage\",\"@id\":\"https:\\\/\\\/headspace.dk\\\/headspace-family-book-en-samtale\\\/\",\"url\":\"https:\\\/\\\/headspace.dk\\\/headspace-family-book-en-samtale\\\/\",\"name\":\"headspace Family book en samtale - headspace\",\"isPartOf\":{\"@id\":\"https:\\\/\\\/headspace.dk\\\/#website\"},\"datePublished\":\"2024-05-28T07:41:34+00:00\",\"dateModified\":\"2026-01-05T10:40:57+00:00\",\"description\":\"headspace Family hj\u00e6lper 12-25-\u00e5rige, der mistrives, ved at tilbyde fysiske, video- og telefonsamtaler til for\u00e6ldre og p\u00e5r\u00f8rende\",\"breadcrumb\":{\"@id\":\"https:\\\/\\\/headspace.dk\\\/headspace-family-book-en-samtale\\\/#breadcrumb\"},\"inLanguage\":\"en-US\",\"potentialAction\":[{\"@type\":\"ReadAction\",\"target\":[\"https:\\\/\\\/headspace.dk\\\/headspace-family-book-en-samtale\\\/\"]}]},{\"@type\":\"BreadcrumbList\",\"@id\":\"https:\\\/\\\/headspace.dk\\\/headspace-family-book-en-samtale\\\/#breadcrumb\",\"itemListElement\":[{\"@type\":\"ListItem\",\"position\":1,\"name\":\"Hjem\",\"item\":\"https:\\\/\\\/headspace.dk\\\/\"},{\"@type\":\"ListItem\",\"position\":2,\"name\":\"headspace Family book en samtale\"}]},{\"@type\":\"WebSite\",\"@id\":\"https:\\\/\\\/headspace.dk\\\/#website\",\"url\":\"https:\\\/\\\/headspace.dk\\\/\",\"name\":\"headspace\",\"description\":\"vi er nogen at tale med\",\"publisher\":{\"@id\":\"https:\\\/\\\/headspace.dk\\\/#organization\"},\"potentialAction\":[{\"@type\":\"SearchAction\",\"target\":{\"@type\":\"EntryPoint\",\"urlTemplate\":\"https:\\\/\\\/headspace.dk\\\/?s={search_term_string}\"},\"query-input\":{\"@type\":\"PropertyValueSpecification\",\"valueRequired\":true,\"valueName\":\"search_term_string\"}}],\"inLanguage\":\"en-US\"},{\"@type\":\"Organization\",\"@id\":\"https:\\\/\\\/headspace.dk\\\/#organization\",\"name\":\"headspace\",\"url\":\"https:\\\/\\\/headspace.dk\\\/\",\"logo\":{\"@type\":\"ImageObject\",\"inLanguage\":\"en-US\",\"@id\":\"https:\\\/\\\/headspace.dk\\\/#\\\/schema\\\/logo\\\/image\\\/\",\"url\":\"https:\\\/\\\/headspace.dk\\\/wp-content\\\/uploads\\\/2024\\\/06\\\/3.png\",\"contentUrl\":\"https:\\\/\\\/headspace.dk\\\/wp-content\\\/uploads\\\/2024\\\/06\\\/3.png\",\"width\":1080,\"height\":1080,\"caption\":\"headspace\"},\"image\":{\"@id\":\"https:\\\/\\\/headspace.dk\\\/#\\\/schema\\\/logo\\\/image\\\/\"},\"sameAs\":[\"https:\\\/\\\/www.facebook.com\\\/HeadspaceDanmark\\\/\",\"https:\\\/\\\/www.tiktok.com\\\/@headspacedanmark\",\"https:\\\/\\\/www.instagram.com\\\/headspacedanmark\\\/\"]}]}<\/script>\n<!-- \/ Yoast SEO plugin. -->","yoast_head_json":{"title":"headspace Family book en samtale - headspace","description":"headspace Family hj\u00e6lper 12-25-\u00e5rige, der mistrives, ved at tilbyde fysiske, video- og telefonsamtaler til for\u00e6ldre og p\u00e5r\u00f8rende","robots":{"index":"index","follow":"follow","max-snippet":"max-snippet:-1","max-image-preview":"max-image-preview:large","max-video-preview":"max-video-preview:-1"},"canonical":"https:\/\/headspace.dk\/en\/headspace-family-book-en-samtale\/","og_locale":"en_US","og_type":"article","og_title":"headspace Family book en samtale - headspace","og_description":"headspace Family hj\u00e6lper 12-25-\u00e5rige, der mistrives, ved at tilbyde fysiske, video- og telefonsamtaler til for\u00e6ldre og p\u00e5r\u00f8rende","og_url":"https:\/\/headspace.dk\/en\/headspace-family-book-en-samtale\/","og_site_name":"headspace","article_publisher":"https:\/\/www.facebook.com\/HeadspaceDanmark\/","article_modified_time":"2026-01-05T10:40:57+00:00","twitter_card":"summary_large_image","twitter_misc":{"Est. reading time":"2 minutes"},"schema":{"@context":"https:\/\/schema.org","@graph":[{"@type":"WebPage","@id":"https:\/\/headspace.dk\/headspace-family-book-en-samtale\/","url":"https:\/\/headspace.dk\/headspace-family-book-en-samtale\/","name":"headspace Family book en samtale - headspace","isPartOf":{"@id":"https:\/\/headspace.dk\/#website"},"datePublished":"2024-05-28T07:41:34+00:00","dateModified":"2026-01-05T10:40:57+00:00","description":"headspace Family hj\u00e6lper 12-25-\u00e5rige, der mistrives, ved at tilbyde fysiske, video- og telefonsamtaler til for\u00e6ldre og p\u00e5r\u00f8rende","breadcrumb":{"@id":"https:\/\/headspace.dk\/headspace-family-book-en-samtale\/#breadcrumb"},"inLanguage":"en-US","potentialAction":[{"@type":"ReadAction","target":["https:\/\/headspace.dk\/headspace-family-book-en-samtale\/"]}]},{"@type":"BreadcrumbList","@id":"https:\/\/headspace.dk\/headspace-family-book-en-samtale\/#breadcrumb","itemListElement":[{"@type":"ListItem","position":1,"name":"Hjem","item":"https:\/\/headspace.dk\/"},{"@type":"ListItem","position":2,"name":"headspace Family book en samtale"}]},{"@type":"WebSite","@id":"https:\/\/headspace.dk\/#website","url":"https:\/\/headspace.dk\/","name":"headspace","description":"we are someone to talk to","publisher":{"@id":"https:\/\/headspace.dk\/#organization"},"potentialAction":[{"@type":"SearchAction","target":{"@type":"EntryPoint","urlTemplate":"https:\/\/headspace.dk\/?s={search_term_string}"},"query-input":{"@type":"PropertyValueSpecification","valueRequired":true,"valueName":"search_term_string"}}],"inLanguage":"en-US"},{"@type":"Organization","@id":"https:\/\/headspace.dk\/#organization","name":"headspace","url":"https:\/\/headspace.dk\/","logo":{"@type":"ImageObject","inLanguage":"en-US","@id":"https:\/\/headspace.dk\/#\/schema\/logo\/image\/","url":"https:\/\/headspace.dk\/wp-content\/uploads\/2024\/06\/3.png","contentUrl":"https:\/\/headspace.dk\/wp-content\/uploads\/2024\/06\/3.png","width":1080,"height":1080,"caption":"headspace"},"image":{"@id":"https:\/\/headspace.dk\/#\/schema\/logo\/image\/"},"sameAs":["https:\/\/www.facebook.com\/HeadspaceDanmark\/","https:\/\/www.tiktok.com\/@headspacedanmark","https:\/\/www.instagram.com\/headspacedanmark\/"]}]}},"_links":{"self":[{"href":"https:\/\/headspace.dk\/en\/wp-json\/wp\/v2\/pages\/10915","targetHints":{"allow":["GET"]}}],"collection":[{"href":"https:\/\/headspace.dk\/en\/wp-json\/wp\/v2\/pages"}],"about":[{"href":"https:\/\/headspace.dk\/en\/wp-json\/wp\/v2\/types\/page"}],"author":[{"embeddable":true,"href":"https:\/\/headspace.dk\/en\/wp-json\/wp\/v2\/users\/4"}],"replies":[{"embeddable":true,"href":"https:\/\/headspace.dk\/en\/wp-json\/wp\/v2\/comments?post=10915"}],"version-history":[{"count":56,"href":"https:\/\/headspace.dk\/en\/wp-json\/wp\/v2\/pages\/10915\/revisions"}],"predecessor-version":[{"id":20456,"href":"https:\/\/headspace.dk\/en\/wp-json\/wp\/v2\/pages\/10915\/revisions\/20456"}],"wp:attachment":[{"href":"https:\/\/headspace.dk\/en\/wp-json\/wp\/v2\/media?parent=10915"}],"curies":[{"name":"wp","href":"https:\/\/api.w.org\/{rel}","templated":true}]}}