{"id":12919,"date":"2024-10-21T13:20:31","date_gmt":"2024-10-21T11:20:31","guid":{"rendered":"https:\/\/headspace.dk\/?page_id=12919"},"modified":"2026-01-21T10:19:05","modified_gmt":"2026-01-21T09:19:05","slug":"arv-og-testamente","status":"publish","type":"page","link":"https:\/\/headspace.dk\/en\/arv-og-testamente\/","title":{"rendered":"Inheritance and wills"},"content":{"rendered":"<p><div class=\"fusion-fullwidth fullwidth-box fusion-builder-row-1 fusion-flex-container has-pattern-background has-mask-background fusion-parallax-none nonhundred-percent-fullwidth non-hundred-percent-height-scrolling lazyload\" style=\"--awb-border-radius-top-left:0px;--awb-border-radius-top-right:0px;--awb-border-radius-bottom-right:0px;--awb-border-radius-bottom-left:0px;--awb-min-height:90vh;--awb-background-size:cover;--awb-flex-wrap:wrap;\" data-bg=\"https:\/\/headspace.dk\/wp-content\/uploads\/2024\/10\/pexels-cottonbro-6919278-scaled.jpg\" ><div class=\"fusion-builder-row fusion-row fusion-flex-align-items-center fusion-flex-justify-content-center fusion-flex-content-wrap\" style=\"max-width:1508px;margin-left: calc(-4% \/ 2 );margin-right: calc(-4% \/ 2 );\"><div class=\"fusion-layout-column fusion_builder_column fusion-builder-column-0 fusion_builder_column_2_5 2_5 fusion-flex-column\" style=\"--awb-bg-size:cover;--awb-width-large:40%;--awb-margin-top-large:0px;--awb-spacing-right-large:4.8%;--awb-margin-bottom-large:20px;--awb-spacing-left-large:4.8%;--awb-width-medium:40%;--awb-order-medium:0;--awb-spacing-right-medium:4.8%;--awb-spacing-left-medium:4.8%;--awb-width-small:100%;--awb-order-small:0;--awb-spacing-right-small:1.92%;--awb-spacing-left-small:1.92%;\"><div class=\"fusion-column-wrapper fusion-column-has-shadow fusion-flex-justify-content-flex-start fusion-content-layout-column\"><div class=\"fusion-title title fusion-title-1 fusion-sep-none fusion-title-center fusion-title-text fusion-title-size-one\" style=\"--awb-text-color:var(--awb-color1);--awb-margin-top-small:10px;--awb-margin-right-small:0px;--awb-margin-bottom-small:10px;--awb-margin-left-small:0px;\"><h1 class=\"fusion-title-heading title-heading-center fusion-responsive-typography-calculated\" style=\"margin:0;--fontSize:30;line-height:var(--awb-typography1-line-height);\"><p style=\"text-align: center;\">ARV OG TESTAMENTE<\/p><\/h1><\/div><\/div><\/div><\/div><\/div><div class=\"fusion-fullwidth fullwidth-box fusion-builder-row-2 fusion-flex-container has-pattern-background has-mask-background nonhundred-percent-fullwidth non-hundred-percent-height-scrolling\" style=\"--awb-border-radius-top-left:0px;--awb-border-radius-top-right:0px;--awb-border-radius-bottom-right:0px;--awb-border-radius-bottom-left:0px;--awb-padding-top:1em;--awb-padding-bottom:1em;--awb-min-height:100vh;--awb-flex-wrap:wrap;\" ><div class=\"fusion-builder-row fusion-row fusion-flex-align-items-flex-start fusion-flex-align-content-center fusion-flex-justify-content-center fusion-flex-content-wrap\" style=\"max-width:1508px;margin-left: calc(-4% \/ 2 );margin-right: calc(-4% \/ 2 );\"><div class=\"fusion-layout-column fusion_builder_column fusion-builder-column-1 fusion_builder_column_2_3 2_3 fusion-flex-column\" style=\"--awb-bg-size:cover;--awb-width-large:66.666666666667%;--awb-margin-top-large:0px;--awb-spacing-right-large:2.88%;--awb-margin-bottom-large:20px;--awb-spacing-left-large:2.88%;--awb-width-medium:66.666666666667%;--awb-order-medium:0;--awb-spacing-right-medium:2.88%;--awb-spacing-left-medium:2.88%;--awb-width-small:100%;--awb-order-small:0;--awb-spacing-right-small:1.92%;--awb-spacing-left-small:1.92%;\"><div class=\"fusion-column-wrapper fusion-column-has-shadow fusion-flex-justify-content-flex-start fusion-content-layout-column\"><div class=\"fusion-title title fusion-title-2 fusion-sep-none fusion-title-text fusion-title-size-three\" style=\"--awb-text-color:var(--awb-color4);--awb-margin-top-small:10px;--awb-margin-right-small:0px;--awb-margin-bottom-small:10px;--awb-margin-left-small:0px;--awb-font-size:16pt;\"><h3 class=\"fusion-title-heading title-heading-left fusion-responsive-typography-calculated\" style=\"font-family:&quot;Agrandir black&quot;;font-style:normal;font-weight:400;margin:0;font-size:1em;--fontSize:15;--minFontSize:15;line-height:var(--awb-typography1-line-height);\"><span style=\"color: var(--awb-color4);\">SUPPORT<\/span> VIA TESTAMENTE<\/h3><\/div><div class=\"fusion-text fusion-text-1\" style=\"--awb-font-size:10pt;--awb-text-color:var(--awb-color6);\"><p style=\"text-align: left;\"><strong>Giv b\u00f8rn og unge nogen at tale med ved at bet\u00e6nke headspace i dit testamente.<\/strong><\/p>\n<p style=\"text-align: left;\">Med et testamente kan du b\u00e5de sikre dine n\u00e6rmeste og st\u00f8tte en vigtig sag.<\/p>\n<p style=\"text-align: left;\">Din arv kan v\u00e6re med til at hj\u00e6lpe os i arbejdet med at give s\u00e5rbare b\u00f8rn og unge nogen at tale med og st\u00f8tte os i arbejdet med mental sundhedsfremme. HVORDAN G\u00d8R JEG?<\/p>\n<\/div><div class=\"accordian fusion-accordian\" style=\"--awb-border-size:2px;--awb-icon-size:16px;--awb-content-font-size:var(--awb-typography4-font-size);--awb-icon-alignment:right;--awb-hover-color:var(--awb-color2);--awb-border-color:var(--awb-color3);--awb-background-color:var(--awb-color1);--awb-divider-color:var(--awb-color3);--awb-divider-hover-color:var(--awb-color3);--awb-icon-color:var(--awb-color1);--awb-title-color:var(--awb-color8);--awb-content-color:var(--awb-color8);--awb-icon-box-color:var(--awb-color6);--awb-toggle-hover-accent-color:var(--awb-color5);--awb-title-font-family:&quot;Agrandir text bold&quot;;--awb-title-font-weight:400;--awb-title-font-style:normal;--awb-title-font-size:var(--awb-typography1-font-size);--awb-content-font-family:&quot;Agrandir text bold&quot;;--awb-content-font-style:normal;--awb-content-font-weight:400;\"><div class=\"panel-group fusion-toggle-icon-right fusion-toggle-icon-boxed\" id=\"accordion-12919-1\"><div class=\"fusion-panel panel-default panel-13a4f2eb0e7a2f794 fusion-toggle-no-divider fusion-toggle-boxed-mode\" style=\"--awb-content-font-size:10pt;--awb-title-font-family:&quot;Agrandir black&quot;;--awb-title-font-weight:400;--awb-title-font-style:normal;--awb-title-font-size:12pt;--awb-title-color:var(--awb-color4);\"><div class=\"panel-heading\"><h4 class=\"panel-title toggle\" id=\"toggle_13a4f2eb0e7a2f794\"><a aria-expanded=\"false\" aria-controls=\"13a4f2eb0e7a2f794\" role=\"button\" data-toggle=\"collapse\" data-target=\"#13a4f2eb0e7a2f794\" href=\"#13a4f2eb0e7a2f794\"><span class=\"fusion-toggle-icon-wrapper\" aria-hidden=\"true\"><i class=\"fa-fusion-box active-icon fa-angle-down fas\" aria-hidden=\"true\"><\/i><i class=\"fa-fusion-box inactive-icon fa-angle-right fas\" aria-hidden=\"true\"><\/i><\/span><span class=\"fusion-toggle-heading\">DU KAN BET\u00c6NKE HEADSPACE I DIT TESTAMENTE<\/span><\/a><\/h4><\/div><div id=\"13a4f2eb0e7a2f794\" class=\"panel-collapse collapse\" aria-labelledby=\"toggle_13a4f2eb0e7a2f794\"><div class=\"panel-body toggle-content fusion-clearfix\">\n<p style=\"text-align: left;\">Hvis du v\u00e6lger at bet\u00e6nke headspace i dit testamente, kan du st\u00f8tte vores arbejde for mental trivsel og sundhed for b\u00f8rn og unge. Dit bidrag er afg\u00f8rende, da en del af vores finansiering afh\u00e6nger af private donationer.<\/p>\n<p style=\"text-align: left;\">Du kan v\u00e6lge at give et fastsat bel\u00f8b, en bestemt procentdel af din formue eller hele din formue.<\/p>\n<\/div><\/div><\/div><div class=\"fusion-panel panel-default panel-6b421b4894a34972e fusion-toggle-no-divider fusion-toggle-boxed-mode\" style=\"--awb-content-font-size:10pt;--awb-title-font-family:&quot;Agrandir black&quot;;--awb-title-font-weight:400;--awb-title-font-style:normal;--awb-title-font-size:12pt;--awb-title-color:var(--awb-color4);\"><div class=\"panel-heading\"><h4 class=\"panel-title toggle\" id=\"toggle_6b421b4894a34972e\"><a aria-expanded=\"false\" aria-controls=\"6b421b4894a34972e\" role=\"button\" data-toggle=\"collapse\" data-target=\"#6b421b4894a34972e\" href=\"#6b421b4894a34972e\"><span class=\"fusion-toggle-icon-wrapper\" aria-hidden=\"true\"><i class=\"fa-fusion-box active-icon fa-angle-down fas\" aria-hidden=\"true\"><\/i><i class=\"fa-fusion-box inactive-icon fa-angle-right fas\" aria-hidden=\"true\"><\/i><\/span><span class=\"fusion-toggle-heading\">BRUG AF ADVOKAT<\/span><\/a><\/h4><\/div><div id=\"6b421b4894a34972e\" class=\"panel-collapse collapse\" aria-labelledby=\"toggle_6b421b4894a34972e\"><div class=\"panel-body toggle-content fusion-clearfix\">Vi anbefaler, at du f\u00e5r en advokat til at udarbejde dit testamente for at sikre, at din arv fordeles pr\u00e6cis efter dine \u00f8nsker, og at dine \u00f8nsker er juridisk bindende.<\/p>\n<p>Hvis du \u00f8nsker at bet\u00e6nke headspace, kan du sammen med din advokat beslutte, om du vil testamentere hele din arv, en andel af den eller et fast bel\u00f8b til os. Uden et testamente vil din arv automatisk blive fordelt efter arvelovens regler. Har du ingen arvinger, vil din arv tilfalde statskassen. Det g\u00e6lder dog kun, hvis du ikke har oprettet et testamente.<\/p>\n<p>Husk, at du altid kan \u00e6ndre dit testamente, hvis dine \u00f8nsker \u00e6ndrer sig.<\/p>\n<p>V\u00e6lger du at bet\u00e6nke headspace i dit testamente, tilbyder vi et tilskud p\u00e5 3.000 kr. til d\u00e6kning af din advokatregning.<\/p>\n<p>Du er meget velkommen til at kontakte os p\u00e5 fundraising@detsocialenetvaerk.dk for at h\u00f8re mere om vilk\u00e5rene for at opn\u00e5 tilskud til oprettelse af et testamente.<\/div><\/div><\/div><div class=\"fusion-panel panel-default panel-26c22fc15c866dbdf fusion-toggle-no-divider fusion-toggle-boxed-mode\" style=\"--awb-content-font-size:10pt;--awb-title-font-family:&quot;Agrandir black&quot;;--awb-title-font-weight:400;--awb-title-font-style:normal;--awb-title-font-size:12pt;--awb-title-color:var(--awb-color4);\"><div class=\"panel-heading\"><h4 class=\"panel-title toggle\" id=\"toggle_26c22fc15c866dbdf\"><a aria-expanded=\"false\" aria-controls=\"26c22fc15c866dbdf\" role=\"button\" data-toggle=\"collapse\" data-target=\"#26c22fc15c866dbdf\" href=\"#26c22fc15c866dbdf\"><span class=\"fusion-toggle-icon-wrapper\" aria-hidden=\"true\"><i class=\"fa-fusion-box active-icon fa-angle-down fas\" aria-hidden=\"true\"><\/i><i class=\"fa-fusion-box inactive-icon fa-angle-right fas\" aria-hidden=\"true\"><\/i><\/span><span class=\"fusion-toggle-heading\">ET TESTAMENTE ER EN PRIVAT SAG<\/span><\/a><\/h4><\/div><div id=\"26c22fc15c866dbdf\" class=\"panel-collapse collapse\" aria-labelledby=\"toggle_26c22fc15c866dbdf\"><div class=\"panel-body toggle-content fusion-clearfix\">\n<p>N\u00e5r du bet\u00e6nker headspace i dit testamente, vil vi kun f\u00e5 indsigt i de specifikke dele, der omhandler os. Al anden information i testamentet, s\u00e5som detaljer om din formue, sl\u00e6gtninge eller andre, du m\u00e5tte bet\u00e6nke, f\u00e5r vi ikke noget indblik i.<\/p>\n<p>Hvis du \u00f8nsker at vide mere om betingelserne for at opn\u00e5 tilskud til oprettelse af et testamente, er du velkommen til at kontakte os p\u00e5 fundraising@detsocialenetvaerk.dk.<\/p>\n<\/div><\/div><\/div><div class=\"fusion-panel panel-default panel-4516e5f552b570e24 fusion-toggle-no-divider fusion-toggle-boxed-mode\" style=\"--awb-content-font-size:10pt;--awb-title-font-family:&quot;Agrandir black&quot;;--awb-title-font-weight:400;--awb-title-font-style:normal;--awb-title-font-size:12pt;--awb-title-color:var(--awb-color4);\"><div class=\"panel-heading\"><h4 class=\"panel-title toggle\" id=\"toggle_4516e5f552b570e24\"><a aria-expanded=\"false\" aria-controls=\"4516e5f552b570e24\" role=\"button\" data-toggle=\"collapse\" data-target=\"#4516e5f552b570e24\" href=\"#4516e5f552b570e24\"><span class=\"fusion-toggle-icon-wrapper\" aria-hidden=\"true\"><i class=\"fa-fusion-box active-icon fa-angle-down fas\" aria-hidden=\"true\"><\/i><i class=\"fa-fusion-box inactive-icon fa-angle-right fas\" aria-hidden=\"true\"><\/i><\/span><span class=\"fusion-toggle-heading\">30 %-L\u00d8SNINGEN<\/span><\/a><\/h4><\/div><div id=\"4516e5f552b570e24\" class=\"panel-collapse collapse\" aria-labelledby=\"toggle_4516e5f552b570e24\"><div class=\"panel-body toggle-content fusion-clearfix\">\n<p>Hvis du \u00f8nsker at sikre din familie en st\u00f8rre arv, samtidig med at du st\u00f8tter headspace, kan du med 30 %-l\u00f8sningen opn\u00e5 begge dele.<\/p>\n<p>30 %-l\u00f8sningen er en ordning, hvor du kan inds\u00e6tte en eller flere velg\u00f8rende organisationer, som er fritaget for boafgift, i dit testamente til at arve 30 % af din formue. Til geng\u00e6ld betaler disse organisationer bo- og till\u00e6gsboafgifterne for de \u00f8vrige arvinger, som modtager de resterende 70 % af arven.<\/p>\n<p>Det betyder, at dine n\u00e6rmeste \u2013 f.eks. s\u00f8skende, niecer og nev\u00f8er \u2013 kan arve 70 % af din formue uden at skulle betale bo- og till\u00e6gsboafgifter.<\/p>\n<p>Du har mulighed for at fordele de 30 % mellem flere velg\u00f8rende organisationer og bestemmer selv, hvordan fordelingen skal v\u00e6re.<\/p>\n<p>30 %-l\u00f8sningen er s\u00e6rligt en fordel for dig, hvis du efterlader dig arvinger, der b\u00e5de skal betale boafgift og till\u00e6gsboafgift, hvilket s\u00f8skende, nev\u00f8er, niecer eller venner skal. Uden 30 %-l\u00f8sningen ville disse arvinger skulle betale 15 % i boafgift samt en till\u00e6gsboafgift p\u00e5 25 %. Med de g\u00e6ldende beregningsregler giver det en effektiv afgift p\u00e5 i alt 36,25 % af den samlede arv.<\/p>\n<p>For s\u00e5 vidt ang\u00e5r s\u00f8skende bem\u00e6rkes, at till\u00e6gsboafgiften p\u00e5 25 % fjernes med virkning fra 1. januar 2027, s\u00e5 s\u00f8skende kun skal betale boafgift p\u00e5 15 % fra en arvelader, der afg\u00e5r ved d\u00f8den fra og med den 1. januar 2027. Ved s\u00f8skende forst\u00e5s b\u00e5de hel- og halvs\u00f8skende, herunder s\u00f8skende, som er adopteret af \u00e9n eller begge af arveladerens for\u00e6ldre. Pleje- og steds\u00f8skende omfattes ikke.<\/p>\n<p><span data-olk-copy-source=\"MessageBody\">Med lov\u00e6ndringen kan det v\u00e6re relevant at gennemg\u00e5 eksisterende testamenter, der indeholder den s\u00e5kaldte 30%-regel, for at undg\u00e5 tvivl og uenighed om arvefordelingen.<\/span><\/p>\n<\/div><\/div><\/div><\/div><\/div><\/div><\/div><\/div><\/div><div class=\"fusion-fullwidth fullwidth-box fusion-builder-row-3 fusion-flex-container has-pattern-background has-mask-background nonhundred-percent-fullwidth non-hundred-percent-height-scrolling\" style=\"--awb-border-radius-top-left:0px;--awb-border-radius-top-right:0px;--awb-border-radius-bottom-right:0px;--awb-border-radius-bottom-left:0px;--awb-min-height:60vh;--awb-background-color:var(--awb-color5);--awb-flex-wrap:wrap;\" ><div class=\"fusion-builder-row fusion-row fusion-flex-align-items-center fusion-flex-justify-content-center fusion-flex-content-wrap\" style=\"max-width:1508px;margin-left: calc(-4% \/ 2 );margin-right: calc(-4% \/ 2 );\"><div class=\"fusion-layout-column fusion_builder_column fusion-builder-column-2 fusion_builder_column_4_5 4_5 fusion-flex-column fusion-flex-align-self-center\" style=\"--awb-bg-size:cover;--awb-width-large:80%;--awb-margin-top-large:0px;--awb-spacing-right-large:2.4%;--awb-margin-bottom-large:0px;--awb-spacing-left-large:2.4%;--awb-width-medium:80%;--awb-order-medium:0;--awb-spacing-right-medium:2.4%;--awb-spacing-left-medium:2.4%;--awb-width-small:100%;--awb-order-small:0;--awb-spacing-right-small:1.92%;--awb-spacing-left-small:1.92%;\"><div class=\"fusion-column-wrapper fusion-column-has-shadow fusion-flex-justify-content-center fusion-content-layout-column\"><div class=\"fusion-builder-row fusion-builder-row-inner fusion-row fusion-flex-align-items-center fusion-flex-justify-content-center fusion-flex-content-wrap\" style=\"--awb-flex-grow:0;--awb-flex-grow-medium:0;--awb-flex-grow-small:0;--awb-flex-shrink:0;--awb-flex-shrink-medium:0;--awb-flex-shrink-small:0;width:104% !important;max-width:104% !important;margin-left: calc(-4% \/ 2 );margin-right: calc(-4% \/ 2 );\"><div class=\"fusion-layout-column fusion_builder_column_inner fusion-builder-nested-column-0 fusion_builder_column_inner_1_3 1_3 fusion-flex-column\" style=\"--awb-bg-size:cover;--awb-width-large:33.333333333333%;--awb-margin-top-large:0px;--awb-spacing-right-large:5.76%;--awb-margin-bottom-large:20px;--awb-spacing-left-large:5.76%;--awb-width-medium:33.333333333333%;--awb-order-medium:0;--awb-spacing-right-medium:5.76%;--awb-spacing-left-medium:5.76%;--awb-width-small:100%;--awb-order-small:0;--awb-spacing-right-small:1.92%;--awb-spacing-left-small:1.92%;\"><div class=\"fusion-column-wrapper fusion-column-has-shadow fusion-flex-justify-content-flex-start fusion-content-layout-column\"><div class=\"fusion-image-element\" style=\"text-align:center;--awb-max-width:300px;--awb-caption-title-font-family:var(--h2_typography-font-family);--awb-caption-title-font-weight:var(--h2_typography-font-weight);--awb-caption-title-font-style:var(--h2_typography-font-style);--awb-caption-title-size:var(--h2_typography-font-size);--awb-caption-title-transform:var(--h2_typography-text-transform);--awb-caption-title-line-height:var(--h2_typography-line-height);--awb-caption-title-letter-spacing:var(--h2_typography-letter-spacing);\"><span class=\"fusion-imageframe imageframe-none imageframe-1 hover-type-none\"><img decoding=\"async\" width=\"515\" height=\"470\" title=\"hs stick-05\" src=\"data:image\/svg+xml,%3Csvg%20xmlns%3D%27http%3A%2F%2Fwww.w3.org%2F2000%2Fsvg%27%20width%3D%27515%27%20height%3D%27470%27%20viewBox%3D%270%200%20515%20470%27%3E%3Crect%20width%3D%27515%27%20height%3D%27470%27%20fill-opacity%3D%220%22%2F%3E%3C%2Fsvg%3E\" data-orig-src=\"https:\/\/headspace.dk\/wp-content\/uploads\/2025\/12\/hs-stick-05.webp\" alt class=\"lazyload img-responsive wp-image-20337\"\/><\/span><\/div><\/div><\/div><div class=\"fusion-layout-column fusion_builder_column_inner fusion-builder-nested-column-1 fusion_builder_column_inner_3_5 3_5 fusion-flex-column fusion-flex-align-self-flex-start\" style=\"--awb-bg-size:cover;--awb-width-large:60%;--awb-margin-top-large:0px;--awb-spacing-right-large:3.2%;--awb-margin-bottom-large:20px;--awb-spacing-left-large:3.2%;--awb-width-medium:60%;--awb-order-medium:0;--awb-spacing-right-medium:3.2%;--awb-spacing-left-medium:3.2%;--awb-width-small:100%;--awb-order-small:0;--awb-spacing-right-small:1.92%;--awb-spacing-left-small:1.92%;\"><div class=\"fusion-column-wrapper fusion-column-has-shadow fusion-flex-justify-content-space-around fusion-content-layout-column\"><div class=\"fusion-title title fusion-title-3 fusion-sep-none fusion-title-text fusion-title-size-three\" style=\"--awb-text-color:var(--awb-color6);--awb-margin-top-small:10px;--awb-margin-right-small:0px;--awb-margin-bottom-small:10px;--awb-margin-left-small:0px;--awb-font-size:16pt;\"><h3 class=\"fusion-title-heading title-heading-left fusion-responsive-typography-calculated\" style=\"margin:0;font-size:1em;--fontSize:15;--minFontSize:15;line-height:var(--awb-typography1-line-height);\">DU KAN BET\u00c6NKE HEADSPACE VED AT OPRETTE ET LEGAT<\/h3><\/div><div class=\"fusion-text fusion-text-2\" style=\"--awb-font-size:10pt;--awb-text-color:var(--awb-color6);\"><p>Hvis du \u00f8nsker at st\u00f8tte headspace i dit testamente, s\u00e5 kan du oprette et legat, hvor du testamenterer et fastsat bel\u00f8b til headspace.<\/p>\n<p>Et legat sikrer, at headspace modtager pr\u00e6cis det bel\u00f8b, du \u00f8nsker at bet\u00e6nke os med, uden at det p\u00e5virker fordelingen af resten af din formue til dine \u00f8vrige arvinger. Det betyder, at headspace alene modtager det bel\u00f8b, du har besluttet dig for, mens dine arvinger fortsat arver deres andel af din \u00f8vrige formue.<\/p>\n<p>Ved at v\u00e6lge denne l\u00f8sning g\u00f8r du en forskel for headspace samtidig med, at du sikrer, at dine n\u00e6rmeste f\u00e5r den arv, du har bestemt.<\/p>\n<\/div><\/div><\/div><\/div><\/div><\/div><\/div><\/div><\/p>","protected":false},"excerpt":{"rendered":"","protected":false},"author":4,"featured_media":0,"parent":0,"menu_order":0,"comment_status":"closed","ping_status":"closed","template":"100-width.php","meta":{"footnotes":""},"class_list":["post-12919","page","type-page","status-publish","hentry"],"yoast_head":"<!-- This site is optimized with the Yoast SEO plugin v27.3 - https:\/\/yoast.com\/product\/yoast-seo-wordpress\/ -->\n<title>Bidrag til unges mentale sundhed gennem testamente<\/title>\n<meta name=\"robots\" content=\"index, follow, max-snippet:-1, max-image-preview:large, max-video-preview:-1\" \/>\n<link rel=\"canonical\" href=\"https:\/\/headspace.dk\/en\/arv-og-testamente\/\" \/>\n<meta property=\"og:locale\" content=\"en_US\" \/>\n<meta property=\"og:type\" content=\"article\" \/>\n<meta property=\"og:title\" content=\"Bidrag til unges mentale sundhed gennem testamente\" \/>\n<meta property=\"og:url\" content=\"https:\/\/headspace.dk\/en\/arv-og-testamente\/\" \/>\n<meta property=\"og:site_name\" content=\"headspace\" \/>\n<meta property=\"article:publisher\" content=\"https:\/\/www.facebook.com\/HeadspaceDanmark\/\" \/>\n<meta property=\"article:modified_time\" content=\"2026-01-21T09:19:05+00:00\" \/>\n<meta name=\"twitter:card\" content=\"summary_large_image\" \/>\n<meta name=\"twitter:label1\" content=\"Est. reading time\" \/>\n\t<meta name=\"twitter:data1\" content=\"5 minutes\" \/>\n<script type=\"application\/ld+json\" class=\"yoast-schema-graph\">{\"@context\":\"https:\\\/\\\/schema.org\",\"@graph\":[{\"@type\":\"WebPage\",\"@id\":\"https:\\\/\\\/headspace.dk\\\/arv-og-testamente\\\/\",\"url\":\"https:\\\/\\\/headspace.dk\\\/arv-og-testamente\\\/\",\"name\":\"Bidrag til unges mentale sundhed gennem testamente\",\"isPartOf\":{\"@id\":\"https:\\\/\\\/headspace.dk\\\/#website\"},\"datePublished\":\"2024-10-21T11:20:31+00:00\",\"dateModified\":\"2026-01-21T09:19:05+00:00\",\"breadcrumb\":{\"@id\":\"https:\\\/\\\/headspace.dk\\\/arv-og-testamente\\\/#breadcrumb\"},\"inLanguage\":\"en-US\",\"potentialAction\":[{\"@type\":\"ReadAction\",\"target\":[\"https:\\\/\\\/headspace.dk\\\/arv-og-testamente\\\/\"]}]},{\"@type\":\"BreadcrumbList\",\"@id\":\"https:\\\/\\\/headspace.dk\\\/arv-og-testamente\\\/#breadcrumb\",\"itemListElement\":[{\"@type\":\"ListItem\",\"position\":1,\"name\":\"Hjem\",\"item\":\"https:\\\/\\\/headspace.dk\\\/\"},{\"@type\":\"ListItem\",\"position\":2,\"name\":\"Arv og testamente\"}]},{\"@type\":\"WebSite\",\"@id\":\"https:\\\/\\\/headspace.dk\\\/#website\",\"url\":\"https:\\\/\\\/headspace.dk\\\/\",\"name\":\"headspace\",\"description\":\"vi er nogen at tale med\",\"publisher\":{\"@id\":\"https:\\\/\\\/headspace.dk\\\/#organization\"},\"potentialAction\":[{\"@type\":\"SearchAction\",\"target\":{\"@type\":\"EntryPoint\",\"urlTemplate\":\"https:\\\/\\\/headspace.dk\\\/?s={search_term_string}\"},\"query-input\":{\"@type\":\"PropertyValueSpecification\",\"valueRequired\":true,\"valueName\":\"search_term_string\"}}],\"inLanguage\":\"en-US\"},{\"@type\":\"Organization\",\"@id\":\"https:\\\/\\\/headspace.dk\\\/#organization\",\"name\":\"headspace\",\"url\":\"https:\\\/\\\/headspace.dk\\\/\",\"logo\":{\"@type\":\"ImageObject\",\"inLanguage\":\"en-US\",\"@id\":\"https:\\\/\\\/headspace.dk\\\/#\\\/schema\\\/logo\\\/image\\\/\",\"url\":\"https:\\\/\\\/headspace.dk\\\/wp-content\\\/uploads\\\/2024\\\/06\\\/3.png\",\"contentUrl\":\"https:\\\/\\\/headspace.dk\\\/wp-content\\\/uploads\\\/2024\\\/06\\\/3.png\",\"width\":1080,\"height\":1080,\"caption\":\"headspace\"},\"image\":{\"@id\":\"https:\\\/\\\/headspace.dk\\\/#\\\/schema\\\/logo\\\/image\\\/\"},\"sameAs\":[\"https:\\\/\\\/www.facebook.com\\\/HeadspaceDanmark\\\/\",\"https:\\\/\\\/www.tiktok.com\\\/@headspacedanmark\",\"https:\\\/\\\/www.instagram.com\\\/headspacedanmark\\\/\"]}]}<\/script>\n<!-- \/ Yoast SEO plugin. -->","yoast_head_json":{"title":"Bidrag til unges mentale sundhed gennem testamente","robots":{"index":"index","follow":"follow","max-snippet":"max-snippet:-1","max-image-preview":"max-image-preview:large","max-video-preview":"max-video-preview:-1"},"canonical":"https:\/\/headspace.dk\/en\/arv-og-testamente\/","og_locale":"en_US","og_type":"article","og_title":"Bidrag til unges mentale sundhed gennem testamente","og_url":"https:\/\/headspace.dk\/en\/arv-og-testamente\/","og_site_name":"headspace","article_publisher":"https:\/\/www.facebook.com\/HeadspaceDanmark\/","article_modified_time":"2026-01-21T09:19:05+00:00","twitter_card":"summary_large_image","twitter_misc":{"Est. reading time":"5 minutes"},"schema":{"@context":"https:\/\/schema.org","@graph":[{"@type":"WebPage","@id":"https:\/\/headspace.dk\/arv-og-testamente\/","url":"https:\/\/headspace.dk\/arv-og-testamente\/","name":"Bidrag til unges mentale sundhed gennem testamente","isPartOf":{"@id":"https:\/\/headspace.dk\/#website"},"datePublished":"2024-10-21T11:20:31+00:00","dateModified":"2026-01-21T09:19:05+00:00","breadcrumb":{"@id":"https:\/\/headspace.dk\/arv-og-testamente\/#breadcrumb"},"inLanguage":"en-US","potentialAction":[{"@type":"ReadAction","target":["https:\/\/headspace.dk\/arv-og-testamente\/"]}]},{"@type":"BreadcrumbList","@id":"https:\/\/headspace.dk\/arv-og-testamente\/#breadcrumb","itemListElement":[{"@type":"ListItem","position":1,"name":"Hjem","item":"https:\/\/headspace.dk\/"},{"@type":"ListItem","position":2,"name":"Arv og testamente"}]},{"@type":"WebSite","@id":"https:\/\/headspace.dk\/#website","url":"https:\/\/headspace.dk\/","name":"headspace","description":"we are someone to talk to","publisher":{"@id":"https:\/\/headspace.dk\/#organization"},"potentialAction":[{"@type":"SearchAction","target":{"@type":"EntryPoint","urlTemplate":"https:\/\/headspace.dk\/?s={search_term_string}"},"query-input":{"@type":"PropertyValueSpecification","valueRequired":true,"valueName":"search_term_string"}}],"inLanguage":"en-US"},{"@type":"Organization","@id":"https:\/\/headspace.dk\/#organization","name":"headspace","url":"https:\/\/headspace.dk\/","logo":{"@type":"ImageObject","inLanguage":"en-US","@id":"https:\/\/headspace.dk\/#\/schema\/logo\/image\/","url":"https:\/\/headspace.dk\/wp-content\/uploads\/2024\/06\/3.png","contentUrl":"https:\/\/headspace.dk\/wp-content\/uploads\/2024\/06\/3.png","width":1080,"height":1080,"caption":"headspace"},"image":{"@id":"https:\/\/headspace.dk\/#\/schema\/logo\/image\/"},"sameAs":["https:\/\/www.facebook.com\/HeadspaceDanmark\/","https:\/\/www.tiktok.com\/@headspacedanmark","https:\/\/www.instagram.com\/headspacedanmark\/"]}]}},"_links":{"self":[{"href":"https:\/\/headspace.dk\/en\/wp-json\/wp\/v2\/pages\/12919","targetHints":{"allow":["GET"]}}],"collection":[{"href":"https:\/\/headspace.dk\/en\/wp-json\/wp\/v2\/pages"}],"about":[{"href":"https:\/\/headspace.dk\/en\/wp-json\/wp\/v2\/types\/page"}],"author":[{"embeddable":true,"href":"https:\/\/headspace.dk\/en\/wp-json\/wp\/v2\/users\/4"}],"replies":[{"embeddable":true,"href":"https:\/\/headspace.dk\/en\/wp-json\/wp\/v2\/comments?post=12919"}],"version-history":[{"count":19,"href":"https:\/\/headspace.dk\/en\/wp-json\/wp\/v2\/pages\/12919\/revisions"}],"predecessor-version":[{"id":20879,"href":"https:\/\/headspace.dk\/en\/wp-json\/wp\/v2\/pages\/12919\/revisions\/20879"}],"wp:attachment":[{"href":"https:\/\/headspace.dk\/en\/wp-json\/wp\/v2\/media?parent=12919"}],"curies":[{"name":"wp","href":"https:\/\/api.w.org\/{rel}","templated":true}]}}