{"id":12951,"date":"2024-10-22T10:29:45","date_gmt":"2024-10-22T08:29:45","guid":{"rendered":"https:\/\/headspace.dk\/?page_id=12951"},"modified":"2026-03-17T14:38:56","modified_gmt":"2026-03-17T13:38:56","slug":"headspace-membership","status":"publish","type":"page","link":"https:\/\/headspace.dk\/en\/headspace-medlemskab\/","title":{"rendered":"headspace membership"},"content":{"rendered":"<p><div class=\"fusion-fullwidth fullwidth-box fusion-builder-row-1 fusion-flex-container has-pattern-background has-mask-background fusion-parallax-none nonhundred-percent-fullwidth non-hundred-percent-height-scrolling lazyload\" style=\"--awb-background-position:center top;--awb-border-radius-top-left:0px;--awb-border-radius-top-right:0px;--awb-border-radius-bottom-right:0px;--awb-border-radius-bottom-left:0px;--awb-min-height:80vh;--awb-background-size:cover;--awb-flex-wrap:wrap;\" data-bg=\"https:\/\/headspace.dk\/wp-content\/uploads\/2023\/09\/DSC02400-scaled.jpg\" ><div class=\"fusion-builder-row fusion-row fusion-flex-align-items-center fusion-flex-align-content-flex-start fusion-flex-justify-content-center fusion-flex-content-wrap\" style=\"max-width:1508px;margin-left: calc(-4% \/ 2 );margin-right: calc(-4% \/ 2 );\"><div class=\"fusion-layout-column fusion_builder_column fusion-builder-column-0 fusion_builder_column_3_5 3_5 fusion-flex-column\" style=\"--awb-padding-top:100px;--awb-bg-size:cover;--awb-width-large:60%;--awb-margin-top-large:0px;--awb-spacing-right-large:3.2%;--awb-margin-bottom-large:20px;--awb-spacing-left-large:3.2%;--awb-width-medium:60%;--awb-order-medium:0;--awb-spacing-right-medium:3.2%;--awb-spacing-left-medium:3.2%;--awb-width-small:100%;--awb-order-small:0;--awb-spacing-right-small:1.92%;--awb-spacing-left-small:1.92%;\"><div class=\"fusion-column-wrapper fusion-column-has-shadow fusion-flex-justify-content-flex-start fusion-content-layout-column\"><div class=\"fusion-text fusion-text-1\" style=\"--awb-content-alignment:center;--awb-font-size:2em;--awb-text-color:var(--awb-color6);--awb-text-font-family:&quot;Agrandir black&quot;;--awb-text-font-style:normal;--awb-text-font-weight:400;\"><p><b>DIN ST\u00d8TTE G\u00d8R EN FORSKEL<br \/>\n<span style=\"color: #ffeded;\">alle b\u00f8rn og unge skal trives!<\/span><\/b><\/p>\n<\/div><\/div><\/div><\/div><\/div><div class=\"fusion-fullwidth fullwidth-box fusion-builder-row-2 fusion-flex-container has-pattern-background has-mask-background nonhundred-percent-fullwidth non-hundred-percent-height-scrolling\" style=\"--awb-background-position:center top;--awb-border-radius-top-left:0px;--awb-border-radius-top-right:0px;--awb-border-radius-bottom-right:0px;--awb-border-radius-bottom-left:0px;--awb-padding-top:2em;--awb-padding-bottom:2em;--awb-min-height:80vh;--awb-background-color:#fff6ea;--awb-flex-wrap:wrap;\" ><div class=\"fusion-builder-row fusion-row fusion-flex-align-items-center fusion-flex-align-content-center fusion-flex-justify-content-center fusion-flex-content-wrap\" style=\"max-width:1508px;margin-left: calc(-4% \/ 2 );margin-right: calc(-4% \/ 2 );\"><div class=\"fusion-layout-column fusion_builder_column fusion-builder-column-1 fusion_builder_column_4_5 4_5 fusion-flex-column\" style=\"--awb-bg-size:cover;--awb-width-large:80%;--awb-margin-top-large:0px;--awb-spacing-right-large:2.4%;--awb-margin-bottom-large:20px;--awb-spacing-left-large:2.4%;--awb-width-medium:80%;--awb-order-medium:0;--awb-spacing-right-medium:2.4%;--awb-spacing-left-medium:2.4%;--awb-width-small:100%;--awb-order-small:0;--awb-spacing-right-small:1.92%;--awb-spacing-left-small:1.92%;\"><div class=\"fusion-column-wrapper fusion-column-has-shadow fusion-flex-justify-content-flex-start fusion-content-layout-column\"><div class=\"fusion-title title fusion-title-1 fusion-sep-none fusion-title-center fusion-title-text fusion-title-size-one\" style=\"--awb-text-color:var(--awb-color4);--awb-margin-top-small:10px;--awb-margin-right-small:0px;--awb-margin-bottom-small:10px;--awb-margin-left-small:0px;\"><h1 class=\"fusion-title-heading title-heading-center fusion-responsive-typography-calculated\" style=\"margin:0;--fontSize:30;line-height:var(--awb-typography1-line-height);\">BLIV MEDLEM AF HEADSPACE<\/h1><\/div><div class=\"fusion-text fusion-text-2\" style=\"--awb-font-size:16pt;--awb-text-color:var(--awb-color6);\"><p style=\"text-align: center;\"><strong style=\"font-family: 'Agrandir narrow';\" data-fusion-font=\"true\">og v\u00e6r med til at give alle b\u00f8rn og unge nogen at tale med<\/strong><\/p>\n<\/div><div class=\"fusion-text fusion-text-3\" style=\"--awb-font-size:10pt;\"><p style=\"font-family: 'Agrandir narrow'; text-align: center;\" data-fusion-font=\"true\">ET MEDLEMSKAB KOSTER 200 kr.\/\u00e5r \u2013 og hvert \u00e5r er du med til at sikre, at der kommer fokus p\u00e5 mental sundhedsfremme, og at alle b\u00f8rn og unge har nogen at tale med.<\/p>\n<div style=\"text-align: center;\"><span data-fusion-font=\"true\" style=\"font-family: 'Agrandir narrow';\">V\u00e6lg det medlemskab du \u00f8nsker og udfyld dine oplysninger, s\u00e5 er du i gang. <\/span><b data-fusion-font=\"true\" style=\"font-family: 'Agrandir narrow';\">Medlemskabet koster 200 kr<\/b><span data-fusion-font=\"true\" style=\"font-family: 'Agrandir narrow';\">. og bliver <\/span><b data-fusion-font=\"true\" style=\"font-family: 'Agrandir narrow';\">automatisk fornyet hvert \u00e5r <\/b><span data-fusion-font=\"true\" style=\"font-family: 'Agrandir narrow';\">fra oprettelsesdagen. Du kan ogs\u00e5 v\u00e6lge et <\/span><b data-fusion-font=\"true\" style=\"font-family: 'Agrandir narrow';\">et\u00e5rigt medlemskab til 200 kr.<\/b><span data-fusion-font=\"true\" style=\"font-family: 'Agrandir narrow';\"> Her er der<\/span><b data-fusion-font=\"true\" style=\"font-family: 'Agrandir narrow';\"> ingen binding<\/b><span data-fusion-font=\"true\" style=\"font-family: 'Agrandir narrow';\">, og det udl\u00f8ber automatisk om 1 \u00e5r.<\/span><\/div>\n<div style=\"text-align: center;\"><b data-fusion-font=\"true\" style=\"font-family: 'Agrandir narrow';\">Er du under 25 \u00e5r?<\/b><span data-fusion-font=\"true\" style=\"font-family: 'Agrandir narrow';\"> S\u00e5 kan du blive <\/span><b data-fusion-font=\"true\" style=\"font-family: 'Agrandir narrow';\">ungdomsmedlem<\/b><span data-fusion-font=\"true\" style=\"font-family: 'Agrandir narrow';\">. Det koster <\/span><b data-fusion-font=\"true\" style=\"font-family: 'Agrandir narrow';\">100 kr.,<\/b><span data-fusion-font=\"true\" style=\"font-family: 'Agrandir narrow';\"> og det bliver automatisk fornyet hvert \u00e5r fra oprettelsesdagen.<\/span><\/div>\n<div style=\"text-align: center;\"><span data-fusion-font=\"true\" style=\"font-family: 'Agrandir narrow';\"> <\/span><\/div>\n<div style=\"text-align: center;\"><span data-fusion-font=\"true\" style=\"font-family: 'Agrandir narrow';\">Du kan altid <\/span><b data-fusion-font=\"true\" style=\"font-family: 'Agrandir narrow';\">opsige dit medlemskab<\/b><span data-fusion-font=\"true\" style=\"font-family: 'Agrandir narrow';\"> igen ved at sende en mail til info@headspace.dk. <\/span><b data-fusion-font=\"true\" style=\"font-family: 'Agrandir narrow';\">Tak for din st\u00f8tte.<\/b><\/div>\n<p style=\"text-align: center;\"><span data-fusion-font=\"true\"><a href=\"https:\/\/headspace.dk\/privatlivspolitik\/\" target=\"_blank\" rel=\"noopener noreferrer\" data-fusion-font=\"true\" style=\"font-family: 'Agrandir narrow'; color: var(--awb-custom_color_6);\"><b><u>Find vores Persondatapolitik her<\/u><\/b><\/a><\/span><\/p>\n<\/div><div id=\"fund\" data-of=\"da.onlinefundraising.dk\/detsocialenetvaerk\" data-form=\"5\"><\/div><script type=\"text\/javascript\">var e = document.getElementById(\"fund\"); if (null !== e){var s = document.createElement(\"script\"), x = document.getElementsByTagName(\"script\")[0]; s.type = \"text\/javascript\", s.async = !0, s.src = \"https:\/\/onlinefundraising.dk\/js\/3.8\/iframe.js\", x.parentNode.insertBefore(s, x)}<\/script><\/div><\/div><\/div><\/div><div class=\"fusion-fullwidth fullwidth-box fusion-builder-row-3 fusion-flex-container has-pattern-background has-mask-background nonhundred-percent-fullwidth non-hundred-percent-height-scrolling\" style=\"--awb-border-radius-top-left:0px;--awb-border-radius-top-right:0px;--awb-border-radius-bottom-right:0px;--awb-border-radius-bottom-left:0px;--awb-min-height:70vh;--awb-background-color:var(--awb-custom_color_6);--awb-flex-wrap:wrap;\" ><div class=\"fusion-builder-row fusion-row fusion-flex-align-items-center fusion-flex-align-content-center fusion-flex-justify-content-center fusion-flex-content-wrap\" style=\"max-width:1508px;margin-left: calc(-4% \/ 2 );margin-right: calc(-4% \/ 2 );\"><div class=\"fusion-layout-column fusion_builder_column fusion-builder-column-2 fusion_builder_column_1_3 1_3 fusion-flex-column\" style=\"--awb-bg-size:cover;--awb-width-large:33.333333333333%;--awb-margin-top-large:0px;--awb-spacing-right-large:5.76%;--awb-margin-bottom-large:20px;--awb-spacing-left-large:5.76%;--awb-width-medium:33.333333333333%;--awb-order-medium:0;--awb-spacing-right-medium:5.76%;--awb-spacing-left-medium:5.76%;--awb-width-small:100%;--awb-order-small:0;--awb-spacing-right-small:1.92%;--awb-spacing-left-small:1.92%;\"><div class=\"fusion-column-wrapper fusion-column-has-shadow fusion-flex-justify-content-flex-start fusion-content-layout-column\"><div class=\"fusion-image-element \" style=\"--awb-caption-title-font-family:var(--h2_typography-font-family);--awb-caption-title-font-weight:var(--h2_typography-font-weight);--awb-caption-title-font-style:var(--h2_typography-font-style);--awb-caption-title-size:var(--h2_typography-font-size);--awb-caption-title-transform:var(--h2_typography-text-transform);--awb-caption-title-line-height:var(--h2_typography-line-height);--awb-caption-title-letter-spacing:var(--h2_typography-letter-spacing);\"><span class=\" fusion-imageframe imageframe-none imageframe-1 hover-type-none\"><img decoding=\"async\" width=\"544\" height=\"497\" title=\"hs stick-24\" src=\"data:image\/svg+xml,%3Csvg%20xmlns%3D%27http%3A%2F%2Fwww.w3.org%2F2000%2Fsvg%27%20width%3D%27544%27%20height%3D%27497%27%20viewBox%3D%270%200%20544%20497%27%3E%3Crect%20width%3D%27544%27%20height%3D%27497%27%20fill-opacity%3D%220%22%2F%3E%3C%2Fsvg%3E\" data-orig-src=\"https:\/\/headspace.dk\/wp-content\/uploads\/2025\/12\/hs-stick-24.webp\" alt class=\"lazyload img-responsive wp-image-20356\"\/><\/span><\/div><\/div><\/div><div class=\"fusion-layout-column fusion_builder_column fusion-builder-column-3 fusion_builder_column_3_5 3_5 fusion-flex-column\" style=\"--awb-bg-size:cover;--awb-width-large:60%;--awb-margin-top-large:0px;--awb-spacing-right-large:3.2%;--awb-margin-bottom-large:20px;--awb-spacing-left-large:3.2%;--awb-width-medium:60%;--awb-order-medium:0;--awb-spacing-right-medium:3.2%;--awb-spacing-left-medium:3.2%;--awb-width-small:100%;--awb-order-small:0;--awb-spacing-right-small:1.92%;--awb-spacing-left-small:1.92%;\"><div class=\"fusion-column-wrapper fusion-column-has-shadow fusion-flex-justify-content-flex-start fusion-content-layout-column\"><div class=\"fusion-title title fusion-title-2 fusion-sep-none fusion-title-text fusion-title-size-two\" style=\"--awb-text-color:var(--awb-color1);--awb-margin-top-small:10px;--awb-margin-right-small:0px;--awb-margin-bottom-small:10px;--awb-margin-left-small:0px;--awb-font-size:16pt;\"><h2 class=\"fusion-title-heading title-heading-left fusion-responsive-typography-calculated\" style=\"margin:0;font-size:1em;--fontSize:15;--minFontSize:15;line-height:var(--awb-typography1-line-height);\">POLITISK FOKUS, INDSAMLING AF VIDEN OG AKTIV R\u00c5DGIVNING<\/h2><\/div><div class=\"fusion-text fusion-text-4\" style=\"--awb-font-size:10pt;--awb-text-color:var(--awb-color6);\"><p>Som medlem er du med til at s\u00e6tte et \u00f8get fokus p\u00e5 mental sundhed og med til at fjerne tabuer og fordomme om psykisk s\u00e5rbare og socialt udsatte.<\/p>\n<p><b data-fusion-font=\"true\">Din st\u00f8tte er med til at:<\/b><\/p>\n<ul>\n<li>skabe bedre forst\u00e5else og en mere sammenh\u00e6ngende indsats for mental mistrivsel.<\/li>\n<li>styrke udbredelsen af konkrete initiativer, s\u00e5 vi med en forebyggende indsats kan hj\u00e6lpe b\u00f8rn og unge.<\/li>\n<li>fjerne tabuer og fordomme om psykisk s\u00e5rbare og skabe klar og tydelig information om psykisk s\u00e5rbarhed i Danmark.<\/li>\n<\/ul>\n<\/div><div class=\"accordian fusion-accordian\" style=\"--awb-border-size:1px;--awb-icon-size:16px;--awb-content-font-size:var(--awb-typography4-font-size);--awb-icon-alignment:left;--awb-hover-color:var(--awb-color2);--awb-border-color:var(--awb-color3);--awb-background-color:var(--awb-color1);--awb-divider-color:var(--awb-color3);--awb-divider-hover-color:var(--awb-color3);--awb-icon-color:var(--awb-color1);--awb-title-color:var(--awb-color8);--awb-content-color:var(--awb-color8);--awb-icon-box-color:var(--awb-custom_color_3);--awb-toggle-hover-accent-color:var(--awb-color5);--awb-title-font-family:&quot;Agrandir text bold&quot;;--awb-title-font-weight:400;--awb-title-font-style:normal;--awb-title-font-size:10pt;--awb-content-font-family:&quot;Agrandir text bold&quot;;--awb-content-font-style:normal;--awb-content-font-weight:400;\"><div class=\"panel-group fusion-toggle-icon-boxed\" id=\"accordion-12951-1\"><div class=\"fusion-panel panel-default panel-2b2e30181082f6ec0 fusion-toggle-has-divider\" style=\"--awb-content-font-family:&quot;Agrandir regular&quot;;--awb-content-font-style:normal;--awb-content-font-weight:400;--awb-title-font-family:&quot;Agrandir text bold&quot;;--awb-title-font-weight:400;--awb-title-font-style:normal;--awb-title-font-size:18pt;--awb-title-color:var(--awb-color1);--awb-content-color:var(--awb-color1);\"><div class=\"panel-heading\"><h4 class=\"panel-title toggle\" id=\"toggle_2b2e30181082f6ec0\"><a aria-expanded=\"false\" aria-controls=\"2b2e30181082f6ec0\" role=\"button\" data-toggle=\"collapse\" data-parent=\"#accordion-12951-1\" data-target=\"#2b2e30181082f6ec0\" href=\"#2b2e30181082f6ec0\"><span class=\"fusion-toggle-icon-wrapper\" aria-hidden=\"true\"><i class=\"fa-fusion-box active-icon awb-icon-minus\" aria-hidden=\"true\"><\/i><i class=\"fa-fusion-box inactive-icon awb-icon-plus\" aria-hidden=\"true\"><\/i><\/span><span class=\"fusion-toggle-heading\">Se medlemsbetingelser<\/span><\/a><\/h4><\/div><div id=\"2b2e30181082f6ec0\" class=\"panel-collapse collapse \" aria-labelledby=\"toggle_2b2e30181082f6ec0\"><div class=\"panel-body toggle-content fusion-clearfix\">\n<p><b>Indmeldelse<\/b><\/p>\n<p>N\u00e5r du melder dig ind i foreningen Det Sociale Netv\u00e6rk \/ headspace Danmark, tegner du et personligt medlemskab. Det koster DKK 200,00 at v\u00e6re medlem, som du betaler ved indmeldelsen. Herefter tr\u00e6kker vi automatisk bel\u00f8bet 12 m\u00e5neder efter indmeldelsesdato fremadrettet, indtil medlemskabet opsiges.<\/p>\n<p><b>Registrering af oplysninger<\/b><\/p>\n<p>N\u00e5r du registrerer dig p\u00e5 vores hjemmeside, giver du samtykke til, at vi registrerer dine oplysninger. Oplysningerne videregives ikke og opbevares under hele dit medlemskab. Dine oplysninger slettes senest 2 \u00e5r efter din udmeldelse af foreningen. L\u00e6s vores Privatlivspolitik her.<\/p>\n<p><b>Udmeldelse<\/b><\/p>\n<p>Du kan til enhver en tid afmelde dit medlemskab af Det Sociale Netv\u00e6rk\/headspace Danmark ved at kontakte os.<\/p>\n<p>Din udmeldelse fra Det Sociale Netv\u00e6rk\/headspace Danmark g\u00e6lder fra den dag, din udmeldelse er registreret. Udmeldelse af foreningen giver os ikke mulighed for at refundere allerede indbetalt medlemskontingent.<\/p>\n<p><b>Sp\u00f8rgsm\u00e5l, reklamation, indsigt og klager<\/b><\/p>\n<p>Hvis du har sp\u00f8rgsm\u00e5l, en indsigt, du synes, vi skal kende, eller m\u00e5ske en klage, s\u00e5 kontakt os. Vi bestr\u00e6ber os p\u00e5 at svare hurtigst muligt.<\/p>\n<\/div><\/div><\/div><\/div><\/div><\/div><\/div><\/div><\/div><\/p>\n","protected":false},"excerpt":{"rendered":"","protected":false},"author":4,"featured_media":0,"parent":0,"menu_order":0,"comment_status":"closed","ping_status":"closed","template":"100-width.php","meta":{"footnotes":""},"class_list":["post-12951","page","type-page","status-publish","hentry"],"yoast_head":"<!-- This site is optimized with the Yoast SEO plugin v27.4 - https:\/\/yoast.com\/product\/yoast-seo-wordpress\/ -->\n<title>Bliv medlem af headspace og st\u00f8t unges trivsel<\/title>\n<meta name=\"robots\" content=\"index, follow, max-snippet:-1, max-image-preview:large, max-video-preview:-1\" \/>\n<link rel=\"canonical\" href=\"https:\/\/headspace.dk\/en\/headspace-membership\/\" \/>\n<meta property=\"og:locale\" content=\"en_US\" \/>\n<meta property=\"og:type\" content=\"article\" \/>\n<meta property=\"og:title\" content=\"Bliv medlem af headspace og st\u00f8t unges trivsel\" \/>\n<meta property=\"og:url\" content=\"https:\/\/headspace.dk\/en\/headspace-membership\/\" \/>\n<meta property=\"og:site_name\" content=\"headspace\" \/>\n<meta property=\"article:publisher\" content=\"https:\/\/www.facebook.com\/HeadspaceDanmark\/\" \/>\n<meta property=\"article:modified_time\" content=\"2026-03-17T13:38:56+00:00\" \/>\n<meta name=\"twitter:card\" content=\"summary_large_image\" \/>\n<meta name=\"twitter:label1\" content=\"Est. reading time\" \/>\n\t<meta name=\"twitter:data1\" content=\"3 minutes\" \/>\n<script type=\"application\/ld+json\" class=\"yoast-schema-graph\">{\"@context\":\"https:\\\/\\\/schema.org\",\"@graph\":[{\"@type\":\"WebPage\",\"@id\":\"https:\\\/\\\/headspace.dk\\\/headspace-medlemskab\\\/\",\"url\":\"https:\\\/\\\/headspace.dk\\\/headspace-medlemskab\\\/\",\"name\":\"Bliv medlem af headspace og st\u00f8t unges trivsel\",\"isPartOf\":{\"@id\":\"https:\\\/\\\/headspace.dk\\\/#website\"},\"datePublished\":\"2024-10-22T08:29:45+00:00\",\"dateModified\":\"2026-03-17T13:38:56+00:00\",\"breadcrumb\":{\"@id\":\"https:\\\/\\\/headspace.dk\\\/headspace-medlemskab\\\/#breadcrumb\"},\"inLanguage\":\"en-US\",\"potentialAction\":[{\"@type\":\"ReadAction\",\"target\":[\"https:\\\/\\\/headspace.dk\\\/headspace-medlemskab\\\/\"]}]},{\"@type\":\"BreadcrumbList\",\"@id\":\"https:\\\/\\\/headspace.dk\\\/headspace-medlemskab\\\/#breadcrumb\",\"itemListElement\":[{\"@type\":\"ListItem\",\"position\":1,\"name\":\"Hjem\",\"item\":\"https:\\\/\\\/headspace.dk\\\/\"},{\"@type\":\"ListItem\",\"position\":2,\"name\":\"headspace medlemskab\"}]},{\"@type\":\"WebSite\",\"@id\":\"https:\\\/\\\/headspace.dk\\\/#website\",\"url\":\"https:\\\/\\\/headspace.dk\\\/\",\"name\":\"headspace\",\"description\":\"vi er nogen at tale med\",\"publisher\":{\"@id\":\"https:\\\/\\\/headspace.dk\\\/#organization\"},\"potentialAction\":[{\"@type\":\"SearchAction\",\"target\":{\"@type\":\"EntryPoint\",\"urlTemplate\":\"https:\\\/\\\/headspace.dk\\\/?s={search_term_string}\"},\"query-input\":{\"@type\":\"PropertyValueSpecification\",\"valueRequired\":true,\"valueName\":\"search_term_string\"}}],\"inLanguage\":\"en-US\"},{\"@type\":\"Organization\",\"@id\":\"https:\\\/\\\/headspace.dk\\\/#organization\",\"name\":\"headspace\",\"url\":\"https:\\\/\\\/headspace.dk\\\/\",\"logo\":{\"@type\":\"ImageObject\",\"inLanguage\":\"en-US\",\"@id\":\"https:\\\/\\\/headspace.dk\\\/#\\\/schema\\\/logo\\\/image\\\/\",\"url\":\"https:\\\/\\\/headspace.dk\\\/wp-content\\\/uploads\\\/2024\\\/06\\\/3.png\",\"contentUrl\":\"https:\\\/\\\/headspace.dk\\\/wp-content\\\/uploads\\\/2024\\\/06\\\/3.png\",\"width\":1080,\"height\":1080,\"caption\":\"headspace\"},\"image\":{\"@id\":\"https:\\\/\\\/headspace.dk\\\/#\\\/schema\\\/logo\\\/image\\\/\"},\"sameAs\":[\"https:\\\/\\\/www.facebook.com\\\/HeadspaceDanmark\\\/\",\"https:\\\/\\\/www.tiktok.com\\\/@headspacedanmark\",\"https:\\\/\\\/www.instagram.com\\\/headspacedanmark\\\/\"]}]}<\/script>\n<!-- \/ Yoast SEO plugin. -->","yoast_head_json":{"title":"Join headspace and support youth well-being","robots":{"index":"index","follow":"follow","max-snippet":"max-snippet:-1","max-image-preview":"max-image-preview:large","max-video-preview":"max-video-preview:-1"},"canonical":"https:\/\/headspace.dk\/en\/headspace-membership\/","og_locale":"en_US","og_type":"article","og_title":"Bliv medlem af headspace og st\u00f8t unges trivsel","og_url":"https:\/\/headspace.dk\/en\/headspace-membership\/","og_site_name":"headspace","article_publisher":"https:\/\/www.facebook.com\/HeadspaceDanmark\/","article_modified_time":"2026-03-17T13:38:56+00:00","twitter_card":"summary_large_image","twitter_misc":{"Est. reading time":"3 minutes"},"schema":{"@context":"https:\/\/schema.org","@graph":[{"@type":"WebPage","@id":"https:\/\/headspace.dk\/headspace-medlemskab\/","url":"https:\/\/headspace.dk\/headspace-medlemskab\/","name":"Join headspace and support youth well-being","isPartOf":{"@id":"https:\/\/headspace.dk\/#website"},"datePublished":"2024-10-22T08:29:45+00:00","dateModified":"2026-03-17T13:38:56+00:00","breadcrumb":{"@id":"https:\/\/headspace.dk\/headspace-medlemskab\/#breadcrumb"},"inLanguage":"en-US","potentialAction":[{"@type":"ReadAction","target":["https:\/\/headspace.dk\/headspace-medlemskab\/"]}]},{"@type":"BreadcrumbList","@id":"https:\/\/headspace.dk\/headspace-medlemskab\/#breadcrumb","itemListElement":[{"@type":"ListItem","position":1,"name":"Hjem","item":"https:\/\/headspace.dk\/"},{"@type":"ListItem","position":2,"name":"headspace medlemskab"}]},{"@type":"WebSite","@id":"https:\/\/headspace.dk\/#website","url":"https:\/\/headspace.dk\/","name":"headspace","description":"we are someone to talk to","publisher":{"@id":"https:\/\/headspace.dk\/#organization"},"potentialAction":[{"@type":"SearchAction","target":{"@type":"EntryPoint","urlTemplate":"https:\/\/headspace.dk\/?s={search_term_string}"},"query-input":{"@type":"PropertyValueSpecification","valueRequired":true,"valueName":"search_term_string"}}],"inLanguage":"en-US"},{"@type":"Organization","@id":"https:\/\/headspace.dk\/#organization","name":"headspace","url":"https:\/\/headspace.dk\/","logo":{"@type":"ImageObject","inLanguage":"en-US","@id":"https:\/\/headspace.dk\/#\/schema\/logo\/image\/","url":"https:\/\/headspace.dk\/wp-content\/uploads\/2024\/06\/3.png","contentUrl":"https:\/\/headspace.dk\/wp-content\/uploads\/2024\/06\/3.png","width":1080,"height":1080,"caption":"headspace"},"image":{"@id":"https:\/\/headspace.dk\/#\/schema\/logo\/image\/"},"sameAs":["https:\/\/www.facebook.com\/HeadspaceDanmark\/","https:\/\/www.tiktok.com\/@headspacedanmark","https:\/\/www.instagram.com\/headspacedanmark\/"]}]}},"_links":{"self":[{"href":"https:\/\/headspace.dk\/en\/wp-json\/wp\/v2\/pages\/12951","targetHints":{"allow":["GET"]}}],"collection":[{"href":"https:\/\/headspace.dk\/en\/wp-json\/wp\/v2\/pages"}],"about":[{"href":"https:\/\/headspace.dk\/en\/wp-json\/wp\/v2\/types\/page"}],"author":[{"embeddable":true,"href":"https:\/\/headspace.dk\/en\/wp-json\/wp\/v2\/users\/4"}],"replies":[{"embeddable":true,"href":"https:\/\/headspace.dk\/en\/wp-json\/wp\/v2\/comments?post=12951"}],"version-history":[{"count":22,"href":"https:\/\/headspace.dk\/en\/wp-json\/wp\/v2\/pages\/12951\/revisions"}],"predecessor-version":[{"id":22002,"href":"https:\/\/headspace.dk\/en\/wp-json\/wp\/v2\/pages\/12951\/revisions\/22002"}],"wp:attachment":[{"href":"https:\/\/headspace.dk\/en\/wp-json\/wp\/v2\/media?parent=12951"}],"curies":[{"name":"wp","href":"https:\/\/api.w.org\/{rel}","templated":true}]}}