{"id":13080,"date":"2024-11-05T12:50:32","date_gmt":"2024-11-05T11:50:32","guid":{"rendered":"https:\/\/headspace.dk\/?page_id=13080"},"modified":"2026-01-06T09:52:54","modified_gmt":"2026-01-06T08:52:54","slug":"donate","status":"publish","type":"page","link":"https:\/\/headspace.dk\/en\/doner\/","title":{"rendered":"donate"},"content":{"rendered":"<p><div class=\"fusion-fullwidth fullwidth-box fusion-builder-row-1 fusion-flex-container has-pattern-background has-mask-background nonhundred-percent-fullwidth non-hundred-percent-height-scrolling\" style=\"--awb-border-radius-top-left:0px;--awb-border-radius-top-right:0px;--awb-border-radius-bottom-right:0px;--awb-border-radius-bottom-left:0px;--awb-padding-top:3em;--awb-min-height:100VH;--awb-flex-wrap:wrap;\" ><div class=\"fusion-builder-row fusion-row fusion-flex-align-items-flex-start fusion-flex-align-content-center fusion-flex-justify-content-center fusion-flex-content-wrap\" style=\"max-width:1508px;margin-left: calc(-4% \/ 2 );margin-right: calc(-4% \/ 2 );\"><div class=\"fusion-layout-column fusion_builder_column fusion-builder-column-0 fusion_builder_column_1_3 1_3 fusion-flex-column\" style=\"--awb-bg-size:cover;--awb-width-large:33.333333333333%;--awb-margin-top-large:0px;--awb-spacing-right-large:5.76%;--awb-margin-bottom-large:20px;--awb-spacing-left-large:5.76%;--awb-width-medium:33.333333333333%;--awb-order-medium:0;--awb-spacing-right-medium:5.76%;--awb-spacing-left-medium:5.76%;--awb-width-small:100%;--awb-order-small:0;--awb-spacing-right-small:1.92%;--awb-spacing-left-small:1.92%;\"><div class=\"fusion-column-wrapper fusion-column-has-shadow fusion-flex-justify-content-flex-start fusion-content-layout-column\"><div class=\"fusion-title title fusion-title-1 fusion-sep-none fusion-title-center fusion-title-text fusion-title-size-one\" style=\"--awb-text-color:var(--awb-color6);--awb-margin-top-small:10px;--awb-margin-right-small:0px;--awb-margin-bottom-small:10px;--awb-margin-left-small:0px;--awb-font-size:36pt;\"><h1 class=\"fusion-title-heading title-heading-center fusion-responsive-typography-calculated\" style=\"margin:0;font-size:1em;--fontSize:15;--minFontSize:15;line-height:var(--awb-typography1-line-height);\"><p style=\"text-align: center;\">DONER TIL <span style=\"color: var(--awb-color4);\">HEADSPACE<\/span><\/p><\/h1><\/div><div class=\"fusion-image-element \" style=\"--awb-caption-title-font-family:var(--h2_typography-font-family);--awb-caption-title-font-weight:var(--h2_typography-font-weight);--awb-caption-title-font-style:var(--h2_typography-font-style);--awb-caption-title-size:var(--h2_typography-font-size);--awb-caption-title-transform:var(--h2_typography-text-transform);--awb-caption-title-line-height:var(--h2_typography-line-height);--awb-caption-title-letter-spacing:var(--h2_typography-letter-spacing);\"><span class=\" fusion-imageframe imageframe-none imageframe-1 hover-type-none\"><img decoding=\"async\" src=\"data:image\/gif;base64,R0lGODlhAQABAAAAACH5BAEKAAEALAAAAAABAAEAAAICTAEAOw==\" data-orig-src=\"https:\/\/headspace.dk\/wp-content\/uploads\/2024\/09\/headspace-stickers-07.png\" alt class=\"lazyload img-responsive\"\/><\/span><\/div><\/div><\/div><div class=\"fusion-layout-column fusion_builder_column fusion-builder-column-1 fusion_builder_column_2_3 2_3 fusion-flex-column\" style=\"--awb-bg-size:cover;--awb-width-large:66.666666666667%;--awb-margin-top-large:0px;--awb-spacing-right-large:2.88%;--awb-margin-bottom-large:20px;--awb-spacing-left-large:2.88%;--awb-width-medium:66.666666666667%;--awb-order-medium:0;--awb-spacing-right-medium:2.88%;--awb-spacing-left-medium:2.88%;--awb-width-small:100%;--awb-order-small:0;--awb-spacing-right-small:1.92%;--awb-spacing-left-small:1.92%;\"><div class=\"fusion-column-wrapper fusion-column-has-shadow fusion-flex-justify-content-flex-start fusion-content-layout-column\"><div id=\"fund\" data-of=\"da.onlinefundraising.dk\/detsocialenetvaerk\" data-form=\"7\"><\/div><script type=\"text\/javascript\">var e = document.getElementById(\"fund\"); if (null !== e){var s = document.createElement(\"script\"), x = document.getElementsByTagName(\"script\")[0]; s.type = \"text\/javascript\", s.async = !0, s.src = \"https:\/\/onlinefundraising.dk\/js\/3.8\/iframe.js\", x.parentNode.insertBefore(s, x)}<\/script><\/div><\/div><\/div><\/div><div class=\"fusion-fullwidth fullwidth-box fusion-builder-row-2 fusion-flex-container has-pattern-background has-mask-background nonhundred-percent-fullwidth non-hundred-percent-height-scrolling\" style=\"--awb-border-radius-top-left:0px;--awb-border-radius-top-right:0px;--awb-border-radius-bottom-right:0px;--awb-border-radius-bottom-left:0px;--awb-padding-top:3em;--awb-min-height:5VH;--awb-background-color:var(--awb-custom_color_5);--awb-flex-wrap:wrap;\" ><div class=\"fusion-builder-row fusion-row fusion-flex-align-items-flex-start fusion-flex-align-content-center fusion-flex-justify-content-center fusion-flex-content-wrap\" style=\"max-width:1508px;margin-left: calc(-4% \/ 2 );margin-right: calc(-4% \/ 2 );\"><div class=\"fusion-layout-column fusion_builder_column fusion-builder-column-2 fusion_builder_column_4_5 4_5 fusion-flex-column\" style=\"--awb-bg-size:cover;--awb-width-large:80%;--awb-margin-top-large:0px;--awb-spacing-right-large:2.4%;--awb-margin-bottom-large:20px;--awb-spacing-left-large:2.4%;--awb-width-medium:80%;--awb-order-medium:0;--awb-spacing-right-medium:2.4%;--awb-spacing-left-medium:2.4%;--awb-width-small:100%;--awb-order-small:0;--awb-spacing-right-small:1.92%;--awb-spacing-left-small:1.92%;\"><div class=\"fusion-column-wrapper fusion-column-has-shadow fusion-flex-justify-content-flex-start fusion-content-layout-column\"><div class=\"fusion-text fusion-text-1\" style=\"--awb-font-size:10pt;\"><div class=\"fusion-text fusion-text-2\">\n<div class=\"fusion-text fusion-text-2\">\n<p style=\"text-align: left;\">Du kan ogs\u00e5 donere\u202fet valgfrit bel\u00f8b via <b>MobilePay 30324 <\/b>(v\u00e6r opm\u00e6rksom p\u00e5, at MobilePay har en maksimal ugentlig gr\u00e6nse p\u00e5 100.000 kr.)<\/p>\n<p style=\"text-align: left;\"><span data-contrast=\"auto\"><b>Tak for din st\u00f8tte.<\/b><\/span><\/p>\n<\/div>\n<div class=\"fusion-text fusion-text-3 fusion-text-no-margin\">\n<p style=\"text-align: left;\"><span data-contrast=\"auto\">Det Sociale Netv\u00e6rk\/headspace Danmark er godkendt efter ligningslovens \u00a7 8 A. Det betyder, at b\u00e5de privatpersoner og virksomheder kan f\u00e5 et skattem\u00e6ssigt fradrag inden for de fastsatte gr\u00e6nser, der fremg\u00e5r af ligningsloven. I 2026 opn\u00e5r alle bidrag til velg\u00f8renhed fradrag op til 20.000 kr. Der er ingen minimumsgr\u00e6nse for fradraget. For at kunne opn\u00e5 fradrag for din donation skal du udfylde formularen nedenfor, s\u00e5 vi kender dit cpr.nr. eller dit CVR.nr. S\u00e5 s\u00f8rger vi for at indberette din donation til skat.<\/span><\/p>\n<p style=\"text-align: left;\"><span data-contrast=\"auto\">L\u00e6s mere om skattefradrag for donationer p\u00e5\u202f<\/span><a href=\"https:\/\/skat.dk\/borger\/fradrag\/fradrag-for-gaver-og-bidrag-til-velgoerende-foreninger\"><b><span data-contrast=\"none\">SKAT<\/span><\/b><\/a><span data-ccp-props=\"{\"><br \/>\n<\/span><i><span data-contrast=\"auto\">Du f\u00e5r ikke fradrag for kontingenter.<\/span><\/i><\/p>\n<\/div>\n<\/div>\n<\/div><div class=\"accordian fusion-accordian\" style=\"--awb-padding-top:1em;--awb-border-size:1px;--awb-icon-size:16px;--awb-content-font-size:var(--awb-typography4-font-size);--awb-icon-alignment:left;--awb-hover-color:var(--awb-color2);--awb-border-color:var(--awb-color3);--awb-background-color:var(--awb-color1);--awb-divider-color:var(--awb-color3);--awb-divider-hover-color:var(--awb-color3);--awb-icon-color:var(--awb-color1);--awb-title-color:var(--awb-color6);--awb-content-color:var(--awb-custom_color_3);--awb-icon-box-color:var(--awb-custom_color_3);--awb-toggle-hover-accent-color:var(--awb-color5);--awb-toggle-active-accent-color:var(--awb-color5);--awb-title-font-family:&quot;Agrandir text bold&quot;;--awb-title-font-weight:400;--awb-title-font-style:normal;--awb-title-font-size:var(--awb-typography1-font-size);--awb-content-font-family:&quot;Agrandir text bold&quot;;--awb-content-font-style:normal;--awb-content-font-weight:400;\"><div class=\"panel-group fusion-toggle-icon-boxed\" id=\"accordion-13080-1\"><div class=\"fusion-panel panel-default panel-15f2e8da7ca465db5 fusion-toggle-has-divider\" style=\"--awb-content-font-size:10pt;--awb-content-font-family:&quot;Agrandir regular&quot;;--awb-content-font-style:normal;--awb-content-font-weight:400;--awb-title-font-family:&quot;Agrandir text bold&quot;;--awb-title-font-weight:400;--awb-title-font-style:normal;--awb-title-font-size:10pt;--awb-title-color:var(--awb-color6);--awb-content-color:var(--awb-color1);\"><div class=\"panel-heading\"><h4 class=\"panel-title toggle\" id=\"toggle_15f2e8da7ca465db5\"><a aria-expanded=\"false\" aria-controls=\"15f2e8da7ca465db5\" role=\"button\" data-toggle=\"collapse\" data-parent=\"#accordion-13080-1\" data-target=\"#15f2e8da7ca465db5\" href=\"#15f2e8da7ca465db5\"><span class=\"fusion-toggle-icon-wrapper\" aria-hidden=\"true\"><i class=\"fa-fusion-box active-icon awb-icon-minus\" aria-hidden=\"true\"><\/i><i class=\"fa-fusion-box inactive-icon awb-icon-plus\" aria-hidden=\"true\"><\/i><\/span><span class=\"fusion-toggle-heading\">S\u00e5dan bruger vi dine penge<\/span><\/a><\/h4><\/div><div id=\"15f2e8da7ca465db5\" class=\"panel-collapse collapse \" aria-labelledby=\"toggle_15f2e8da7ca465db5\"><div class=\"panel-body toggle-content fusion-clearfix\">\n<p><span style=\"font-size: 10pt; color: var(--awb-color6);\" data-fusion-font=\"true\">Vi garanterer dig, at vi kommer langt for dine penge. headspace er nemlig baseret p\u00e5 frivillig arbejdskraft, men det koster penge at drive vores centre og lave aktiviteter.<\/span><\/p>\n<p style=\"font-size: 10pt; color: var(--awb-color6);\" data-fusion-font=\"true\">S\u00e5 n\u00e5r du st\u00f8tter vores arbejde enten som privatperson eller virksomhed, s\u00e5 g\u00e5r 91,4 procent af bel\u00f8bet til konkret hj\u00e6lp, oplysningsarbejde samt indflydelse i forhold til at forbedre forholdene for psykisk s\u00e5rbare, mens 8,6 procent g\u00e5r til administration og sekretariat.<\/p>\n<p><strong style=\"font-size: 10pt; color: var(--awb-color6);\" data-fusion-font=\"true\">Hvordan vi behandler dine persondata?<\/strong><\/p>\n<p><span style=\"font-size: 10pt; color: var(--awb-color6);\" data-fusion-font=\"true\">Hos headspace respekterer vi dit privatliv, og vi behandler persondata i overensstemmelse med lovgivningen. <\/span><a style=\"font-size: 10pt; color: var(--awb-color6);\" href=\"https:\/\/headspace.dk\/privatlivspolitik\/\" data-fusion-font=\"true\">Du kan l\u00e6se vores privatlivspolitik her<\/a><span style=\"font-size: 10pt; color: var(--awb-color6);\" data-fusion-font=\"true\">.<\/span><\/p>\n<\/div><\/div><\/div><\/div><\/div><\/div><\/div><\/div><\/div><div class=\"fusion-fullwidth fullwidth-box fusion-builder-row-3 fusion-flex-container has-pattern-background has-mask-background nonhundred-percent-fullwidth non-hundred-percent-height-scrolling\" style=\"--awb-border-radius-top-left:0px;--awb-border-radius-top-right:0px;--awb-border-radius-bottom-right:0px;--awb-border-radius-bottom-left:0px;--awb-min-height:85vh;--awb-background-color:var(--awb-custom_color_6);--awb-flex-wrap:wrap;\" ><div class=\"fusion-builder-row fusion-row fusion-flex-align-items-center fusion-flex-align-content-center fusion-flex-justify-content-center fusion-flex-content-wrap\" style=\"max-width:1508px;margin-left: calc(-4% \/ 2 );margin-right: calc(-4% \/ 2 );\"><div class=\"fusion-layout-column fusion_builder_column fusion-builder-column-3 fusion_builder_column_3_5 3_5 fusion-flex-column\" style=\"--awb-bg-size:cover;--awb-width-large:60%;--awb-margin-top-large:0px;--awb-spacing-right-large:3.2%;--awb-margin-bottom-large:20px;--awb-spacing-left-large:3.2%;--awb-width-medium:60%;--awb-order-medium:0;--awb-spacing-right-medium:3.2%;--awb-spacing-left-medium:3.2%;--awb-width-small:100%;--awb-order-small:0;--awb-spacing-right-small:1.92%;--awb-spacing-left-small:1.92%;\"><div class=\"fusion-column-wrapper fusion-column-has-shadow fusion-flex-justify-content-flex-start fusion-content-layout-column\"><div class=\"fusion-image-element \" style=\"--awb-caption-title-font-family:var(--h2_typography-font-family);--awb-caption-title-font-weight:var(--h2_typography-font-weight);--awb-caption-title-font-style:var(--h2_typography-font-style);--awb-caption-title-size:var(--h2_typography-font-size);--awb-caption-title-transform:var(--h2_typography-text-transform);--awb-caption-title-line-height:var(--h2_typography-line-height);--awb-caption-title-letter-spacing:var(--h2_typography-letter-spacing);\"><span class=\" fusion-imageframe imageframe-none imageframe-2 hover-type-none\"><img decoding=\"async\" width=\"2560\" height=\"1440\" title=\"DSC06381\" src=\"https:\/\/headspace.dk\/wp-content\/uploads\/2024\/03\/DSC06381-scaled.jpg\" data-orig-src=\"https:\/\/headspace.dk\/wp-content\/uploads\/2024\/03\/DSC06381-scaled.jpg\" alt class=\"lazyload img-responsive wp-image-10384\" srcset=\"data:image\/svg+xml,%3Csvg%20xmlns%3D%27http%3A%2F%2Fwww.w3.org%2F2000%2Fsvg%27%20width%3D%272560%27%20height%3D%271440%27%20viewBox%3D%270%200%202560%201440%27%3E%3Crect%20width%3D%272560%27%20height%3D%271440%27%20fill-opacity%3D%220%22%2F%3E%3C%2Fsvg%3E\" data-srcset=\"https:\/\/headspace.dk\/wp-content\/uploads\/2024\/03\/DSC06381-200x113.jpg 200w, https:\/\/headspace.dk\/wp-content\/uploads\/2024\/03\/DSC06381-400x225.jpg 400w, https:\/\/headspace.dk\/wp-content\/uploads\/2024\/03\/DSC06381-600x338.jpg 600w, https:\/\/headspace.dk\/wp-content\/uploads\/2024\/03\/DSC06381-800x450.jpg 800w, https:\/\/headspace.dk\/wp-content\/uploads\/2024\/03\/DSC06381-1200x675.jpg 1200w, https:\/\/headspace.dk\/wp-content\/uploads\/2024\/03\/DSC06381-scaled.jpg 2560w\" data-sizes=\"auto\" data-orig-sizes=\"(max-width: 640px) 100vw, 1200px\" \/><\/span><\/div><\/div><\/div><div class=\"fusion-layout-column fusion_builder_column fusion-builder-column-4 fusion_builder_column_2_5 2_5 fusion-flex-column\" style=\"--awb-bg-size:cover;--awb-width-large:40%;--awb-margin-top-large:0px;--awb-spacing-right-large:4.8%;--awb-margin-bottom-large:20px;--awb-spacing-left-large:4.8%;--awb-width-medium:40%;--awb-order-medium:0;--awb-spacing-right-medium:4.8%;--awb-spacing-left-medium:4.8%;--awb-width-small:100%;--awb-order-small:0;--awb-spacing-right-small:1.92%;--awb-spacing-left-small:1.92%;\"><div class=\"fusion-column-wrapper fusion-column-has-shadow fusion-flex-justify-content-flex-start fusion-content-layout-column\"><div class=\"fusion-title title fusion-title-2 fusion-sep-none fusion-title-text fusion-title-size-two\" style=\"--awb-text-color:var(--awb-custom_color_3);--awb-margin-top-small:10px;--awb-margin-right-small:0px;--awb-margin-bottom-small:10px;--awb-margin-left-small:0px;--awb-font-size:18pt;\"><h2 class=\"fusion-title-heading title-heading-left fusion-responsive-typography-calculated\" style=\"margin:0;font-size:1em;--fontSize:15;--minFontSize:15;line-height:var(--awb-typography1-line-height);\">DIN ST\u00d8TTE G\u00d8R EN FORSKEL<\/h2><\/div><div class=\"fusion-text fusion-text-2\" style=\"--awb-font-size:12pt;--awb-text-color:var(--awb-color6);--awb-text-font-family:&quot;Agrandir black&quot;;--awb-text-font-style:normal;--awb-text-font-weight:400;\"><p style=\"text-align: left;\"><span style=\"color: var(--awb-color6);\">MED JERES HJ\u00c6LP <\/span><span style=\"color: var(--awb-color6);\">HAR VI HAFT MERE END 10.000 INDIVIDUELLE SAMTALER MED B\u00d8RN OG UNGE I F\u00d8RSTE HALV\u00c5R AF 2024.<\/span><\/p>\n<\/div><div class=\"fusion-text fusion-text-3\" style=\"--awb-font-size:10pt;\"><p style=\"text-align: left;\"><span data-contrast=\"auto\">Hos headspace kan alle sige det h\u00f8jt, som de synes er sv\u00e6rt.<\/span><span data-ccp-props=\"{\">\u00a0<\/span><\/p>\n<p style=\"text-align: left;\"><b><span data-contrast=\"auto\">Dit bidrag g\u00f8r det muligt\u00a0<\/span><\/b><span data-contrast=\"auto\">for b\u00f8rn og unge at f\u00e5 gratis og anonym r\u00e5dgivning i et af vores headspace-centre i hele landet eller via vores chat.<\/span><span data-ccp-props=\"{\">\u00a0<\/span><\/p>\n<p style=\"text-align: left;\"><span data-contrast=\"auto\">Samtidig hj\u00e6lper du med at aftabuisere og itales\u00e6tte mental mistrivsel blandt b\u00f8rn og unge og at arbejde m\u00e5lrettet med at sikre mental sundhedsfremmende arbejde.<\/span><span data-ccp-props=\"{\">\u00a0<\/span><\/p>\n<\/div><\/div><\/div><\/div><\/div><\/p>\n","protected":false},"excerpt":{"rendered":"","protected":false},"author":4,"featured_media":0,"parent":0,"menu_order":0,"comment_status":"closed","ping_status":"closed","template":"100-width.php","meta":{"footnotes":""},"class_list":["post-13080","page","type-page","status-publish","hentry"],"yoast_head":"<!-- This site is optimized with the Yoast SEO plugin v27.4 - https:\/\/yoast.com\/product\/yoast-seo-wordpress\/ -->\n<title>doner - headspace<\/title>\n<meta name=\"description\" content=\"Med dit bidrag kan b\u00f8rn og unge at f\u00e5 gratis og anonym r\u00e5dgivning i et af vores headspace-centre i hele landet eller via vores chat.\" \/>\n<meta name=\"robots\" content=\"index, follow, max-snippet:-1, max-image-preview:large, max-video-preview:-1\" \/>\n<link rel=\"canonical\" href=\"https:\/\/headspace.dk\/en\/donate\/\" \/>\n<meta property=\"og:locale\" content=\"en_US\" \/>\n<meta property=\"og:type\" content=\"article\" \/>\n<meta property=\"og:title\" content=\"doner - headspace\" \/>\n<meta property=\"og:description\" content=\"Med dit bidrag kan b\u00f8rn og unge at f\u00e5 gratis og anonym r\u00e5dgivning i et af vores headspace-centre i hele landet eller via vores chat.\" \/>\n<meta property=\"og:url\" content=\"https:\/\/headspace.dk\/en\/donate\/\" \/>\n<meta property=\"og:site_name\" content=\"headspace\" \/>\n<meta property=\"article:publisher\" content=\"https:\/\/www.facebook.com\/HeadspaceDanmark\/\" \/>\n<meta property=\"article:modified_time\" content=\"2026-01-06T08:52:54+00:00\" \/>\n<meta name=\"twitter:card\" content=\"summary_large_image\" \/>\n<meta name=\"twitter:label1\" content=\"Est. reading time\" \/>\n\t<meta name=\"twitter:data1\" content=\"3 minutes\" \/>\n<script type=\"application\/ld+json\" class=\"yoast-schema-graph\">{\"@context\":\"https:\\\/\\\/schema.org\",\"@graph\":[{\"@type\":\"WebPage\",\"@id\":\"https:\\\/\\\/headspace.dk\\\/doner\\\/\",\"url\":\"https:\\\/\\\/headspace.dk\\\/doner\\\/\",\"name\":\"doner - headspace\",\"isPartOf\":{\"@id\":\"https:\\\/\\\/headspace.dk\\\/#website\"},\"datePublished\":\"2024-11-05T11:50:32+00:00\",\"dateModified\":\"2026-01-06T08:52:54+00:00\",\"description\":\"Med dit bidrag kan b\u00f8rn og unge at f\u00e5 gratis og anonym r\u00e5dgivning i et af vores headspace-centre i hele landet eller via vores chat.\",\"breadcrumb\":{\"@id\":\"https:\\\/\\\/headspace.dk\\\/doner\\\/#breadcrumb\"},\"inLanguage\":\"en-US\",\"potentialAction\":[{\"@type\":\"ReadAction\",\"target\":[\"https:\\\/\\\/headspace.dk\\\/doner\\\/\"]}]},{\"@type\":\"BreadcrumbList\",\"@id\":\"https:\\\/\\\/headspace.dk\\\/doner\\\/#breadcrumb\",\"itemListElement\":[{\"@type\":\"ListItem\",\"position\":1,\"name\":\"Hjem\",\"item\":\"https:\\\/\\\/headspace.dk\\\/\"},{\"@type\":\"ListItem\",\"position\":2,\"name\":\"doner\"}]},{\"@type\":\"WebSite\",\"@id\":\"https:\\\/\\\/headspace.dk\\\/#website\",\"url\":\"https:\\\/\\\/headspace.dk\\\/\",\"name\":\"headspace\",\"description\":\"vi er nogen at tale med\",\"publisher\":{\"@id\":\"https:\\\/\\\/headspace.dk\\\/#organization\"},\"potentialAction\":[{\"@type\":\"SearchAction\",\"target\":{\"@type\":\"EntryPoint\",\"urlTemplate\":\"https:\\\/\\\/headspace.dk\\\/?s={search_term_string}\"},\"query-input\":{\"@type\":\"PropertyValueSpecification\",\"valueRequired\":true,\"valueName\":\"search_term_string\"}}],\"inLanguage\":\"en-US\"},{\"@type\":\"Organization\",\"@id\":\"https:\\\/\\\/headspace.dk\\\/#organization\",\"name\":\"headspace\",\"url\":\"https:\\\/\\\/headspace.dk\\\/\",\"logo\":{\"@type\":\"ImageObject\",\"inLanguage\":\"en-US\",\"@id\":\"https:\\\/\\\/headspace.dk\\\/#\\\/schema\\\/logo\\\/image\\\/\",\"url\":\"https:\\\/\\\/headspace.dk\\\/wp-content\\\/uploads\\\/2024\\\/06\\\/3.png\",\"contentUrl\":\"https:\\\/\\\/headspace.dk\\\/wp-content\\\/uploads\\\/2024\\\/06\\\/3.png\",\"width\":1080,\"height\":1080,\"caption\":\"headspace\"},\"image\":{\"@id\":\"https:\\\/\\\/headspace.dk\\\/#\\\/schema\\\/logo\\\/image\\\/\"},\"sameAs\":[\"https:\\\/\\\/www.facebook.com\\\/HeadspaceDanmark\\\/\",\"https:\\\/\\\/www.tiktok.com\\\/@headspacedanmark\",\"https:\\\/\\\/www.instagram.com\\\/headspacedanmark\\\/\"]}]}<\/script>\n<!-- \/ Yoast SEO plugin. -->","yoast_head_json":{"title":"donate - headspace","description":"With your contribution, children and young people can get free and anonymous advice in one of our headspace centers across the country or via our chat.","robots":{"index":"index","follow":"follow","max-snippet":"max-snippet:-1","max-image-preview":"max-image-preview:large","max-video-preview":"max-video-preview:-1"},"canonical":"https:\/\/headspace.dk\/en\/donate\/","og_locale":"en_US","og_type":"article","og_title":"doner - headspace","og_description":"Med dit bidrag kan b\u00f8rn og unge at f\u00e5 gratis og anonym r\u00e5dgivning i et af vores headspace-centre i hele landet eller via vores chat.","og_url":"https:\/\/headspace.dk\/en\/donate\/","og_site_name":"headspace","article_publisher":"https:\/\/www.facebook.com\/HeadspaceDanmark\/","article_modified_time":"2026-01-06T08:52:54+00:00","twitter_card":"summary_large_image","twitter_misc":{"Est. reading time":"3 minutes"},"schema":{"@context":"https:\/\/schema.org","@graph":[{"@type":"WebPage","@id":"https:\/\/headspace.dk\/doner\/","url":"https:\/\/headspace.dk\/doner\/","name":"donate - headspace","isPartOf":{"@id":"https:\/\/headspace.dk\/#website"},"datePublished":"2024-11-05T11:50:32+00:00","dateModified":"2026-01-06T08:52:54+00:00","description":"With your contribution, children and young people can get free and anonymous advice in one of our headspace centers across the country or via our chat.","breadcrumb":{"@id":"https:\/\/headspace.dk\/doner\/#breadcrumb"},"inLanguage":"en-US","potentialAction":[{"@type":"ReadAction","target":["https:\/\/headspace.dk\/doner\/"]}]},{"@type":"BreadcrumbList","@id":"https:\/\/headspace.dk\/doner\/#breadcrumb","itemListElement":[{"@type":"ListItem","position":1,"name":"Hjem","item":"https:\/\/headspace.dk\/"},{"@type":"ListItem","position":2,"name":"doner"}]},{"@type":"WebSite","@id":"https:\/\/headspace.dk\/#website","url":"https:\/\/headspace.dk\/","name":"headspace","description":"we are someone to talk to","publisher":{"@id":"https:\/\/headspace.dk\/#organization"},"potentialAction":[{"@type":"SearchAction","target":{"@type":"EntryPoint","urlTemplate":"https:\/\/headspace.dk\/?s={search_term_string}"},"query-input":{"@type":"PropertyValueSpecification","valueRequired":true,"valueName":"search_term_string"}}],"inLanguage":"en-US"},{"@type":"Organization","@id":"https:\/\/headspace.dk\/#organization","name":"headspace","url":"https:\/\/headspace.dk\/","logo":{"@type":"ImageObject","inLanguage":"en-US","@id":"https:\/\/headspace.dk\/#\/schema\/logo\/image\/","url":"https:\/\/headspace.dk\/wp-content\/uploads\/2024\/06\/3.png","contentUrl":"https:\/\/headspace.dk\/wp-content\/uploads\/2024\/06\/3.png","width":1080,"height":1080,"caption":"headspace"},"image":{"@id":"https:\/\/headspace.dk\/#\/schema\/logo\/image\/"},"sameAs":["https:\/\/www.facebook.com\/HeadspaceDanmark\/","https:\/\/www.tiktok.com\/@headspacedanmark","https:\/\/www.instagram.com\/headspacedanmark\/"]}]}},"_links":{"self":[{"href":"https:\/\/headspace.dk\/en\/wp-json\/wp\/v2\/pages\/13080","targetHints":{"allow":["GET"]}}],"collection":[{"href":"https:\/\/headspace.dk\/en\/wp-json\/wp\/v2\/pages"}],"about":[{"href":"https:\/\/headspace.dk\/en\/wp-json\/wp\/v2\/types\/page"}],"author":[{"embeddable":true,"href":"https:\/\/headspace.dk\/en\/wp-json\/wp\/v2\/users\/4"}],"replies":[{"embeddable":true,"href":"https:\/\/headspace.dk\/en\/wp-json\/wp\/v2\/comments?post=13080"}],"version-history":[{"count":30,"href":"https:\/\/headspace.dk\/en\/wp-json\/wp\/v2\/pages\/13080\/revisions"}],"predecessor-version":[{"id":20515,"href":"https:\/\/headspace.dk\/en\/wp-json\/wp\/v2\/pages\/13080\/revisions\/20515"}],"wp:attachment":[{"href":"https:\/\/headspace.dk\/en\/wp-json\/wp\/v2\/media?parent=13080"}],"curies":[{"name":"wp","href":"https:\/\/api.w.org\/{rel}","templated":true}]}}