{"id":13663,"date":"2024-11-27T17:16:12","date_gmt":"2024-11-27T16:16:12","guid":{"rendered":"https:\/\/headspace.dk\/?page_id=13663"},"modified":"2025-11-25T15:24:15","modified_gmt":"2025-11-25T14:24:15","slug":"bliv-frivillig-dialogpilot","status":"publish","type":"page","link":"https:\/\/headspace.dk\/en\/bliv-frivillig-dialogpilot\/","title":{"rendered":"Become a volunteer Dialogue Pilot"},"content":{"rendered":"<p><div class=\"fusion-fullwidth fullwidth-box fusion-builder-row-1 fusion-flex-container fusion-parallax-none nonhundred-percent-fullwidth non-hundred-percent-height-scrolling fusion-no-medium-visibility fusion-no-large-visibility lazyload\" style=\"--awb-background-position:center top;--awb-border-radius-top-left:0px;--awb-border-radius-top-right:0px;--awb-border-radius-bottom-right:0px;--awb-border-radius-bottom-left:0px;--awb-min-height:calc( 50vh - 5px );--awb-background-size:cover;--awb-flex-wrap:wrap;\" data-bg=\"https:\/\/headspace.dk\/wp-content\/uploads\/2022\/10\/frivillige-mob-scaled.jpg\" ><div class=\"fusion-builder-row fusion-row fusion-flex-align-items-flex-start fusion-flex-align-content-flex-end fusion-flex-content-wrap\" style=\"max-width:1508px;margin-left: calc(-4% \/ 2 );margin-right: calc(-4% \/ 2 );\"><div class=\"fusion-layout-column fusion_builder_column fusion-builder-column-0 fusion_builder_column_1_1 1_1 fusion-flex-column fusion-flex-align-self-flex-end\" style=\"--awb-padding-top:25em;--awb-padding-bottom:1em;--awb-bg-size:cover;--awb-width-large:100%;--awb-margin-top-large:0px;--awb-spacing-right-large:150px;--awb-margin-bottom-large:20px;--awb-spacing-left-large:150px;--awb-width-medium:100%;--awb-order-medium:0;--awb-spacing-right-medium:150px;--awb-spacing-left-medium:150px;--awb-width-small:100%;--awb-order-small:0;--awb-spacing-right-small:1.92%;--awb-spacing-left-small:1.92%;\"><div class=\"fusion-column-wrapper fusion-column-has-shadow fusion-flex-justify-content-flex-start fusion-content-layout-column\"><\/div><\/div><\/div><\/div><div class=\"fusion-fullwidth fullwidth-box fusion-builder-row-2 fusion-flex-container fusion-parallax-none nonhundred-percent-fullwidth non-hundred-percent-height-scrolling fusion-no-small-visibility lazyload\" style=\"--awb-background-position:left top;--awb-border-radius-top-left:0px;--awb-border-radius-top-right:0px;--awb-border-radius-bottom-right:0px;--awb-border-radius-bottom-left:0px;--awb-min-height:calc( 50vh - 5px );--awb-background-size:cover;--awb-flex-wrap:wrap;\" data-bg=\"https:\/\/headspace.dk\/wp-content\/uploads\/2022\/10\/frivillige-web-scaled.jpg\" ><div class=\"fusion-builder-row fusion-row fusion-flex-align-items-flex-start fusion-flex-align-content-flex-end fusion-flex-content-wrap\" style=\"max-width:1508px;margin-left: calc(-4% \/ 2 );margin-right: calc(-4% \/ 2 );\"><div class=\"fusion-layout-column fusion_builder_column fusion-builder-column-1 fusion_builder_column_1_1 1_1 fusion-flex-column fusion-flex-align-self-flex-end\" style=\"--awb-bg-size:cover;--awb-width-large:100%;--awb-margin-top-large:0px;--awb-spacing-right-large:150px;--awb-margin-bottom-large:0px;--awb-spacing-left-large:150px;--awb-width-medium:100%;--awb-order-medium:0;--awb-spacing-right-medium:150px;--awb-spacing-left-medium:150px;--awb-width-small:100%;--awb-order-small:0;--awb-spacing-right-small:1.92%;--awb-spacing-left-small:1.92%;\"><div class=\"fusion-column-wrapper fusion-column-has-shadow fusion-flex-justify-content-flex-start fusion-content-layout-column\"><div class=\"fusion-title title fusion-title-1 fusion-sep-none fusion-title-text fusion-title-size-one\" style=\"--awb-text-color:#000000;--awb-margin-top-small:10px;--awb-margin-right-small:0px;--awb-margin-bottom-small:10px;--awb-margin-left-small:0px;--awb-font-size:54px;\"><h1 class=\"fusion-title-heading title-heading-left fusion-responsive-typography-calculated\" style=\"margin:0;font-size:1em;--fontSize:54;line-height:var(--awb-typography1-line-height);\"><span style=\"color: #ffffff;\"><b>Become a volunteer Dialogue Pilot<\/b><\/span><\/h1><\/div><\/div><\/div><\/div><\/div><div class=\"fusion-fullwidth fullwidth-box fusion-builder-row-3 fusion-flex-container nonhundred-percent-fullwidth non-hundred-percent-height-scrolling\" style=\"--awb-border-radius-top-left:0px;--awb-border-radius-top-right:0px;--awb-border-radius-bottom-right:0px;--awb-border-radius-bottom-left:0px;--awb-flex-wrap:wrap;\" ><div class=\"fusion-builder-row fusion-row fusion-flex-align-items-flex-start fusion-flex-content-wrap\" style=\"max-width:1508px;margin-left: calc(-4% \/ 2 );margin-right: calc(-4% \/ 2 );\"><div class=\"fusion-layout-column fusion_builder_column fusion-builder-column-2 fusion_builder_column_1_1 1_1 fusion-flex-column\" style=\"--awb-bg-size:cover;--awb-width-large:100%;--awb-margin-top-large:3em;--awb-spacing-right-large:150px;--awb-margin-bottom-large:1em;--awb-spacing-left-large:150px;--awb-width-medium:100%;--awb-order-medium:0;--awb-spacing-right-medium:150px;--awb-spacing-left-medium:150px;--awb-width-small:100%;--awb-order-small:0;--awb-spacing-right-small:1.92%;--awb-spacing-left-small:1.92%;\"><div class=\"fusion-column-wrapper fusion-column-has-shadow fusion-flex-justify-content-flex-start fusion-content-layout-column\"><div class=\"fusion-title title fusion-title-2 fusion-sep-none fusion-title-text fusion-title-size-two\" style=\"--awb-margin-top-small:10px;--awb-margin-right-small:0px;--awb-margin-bottom-small:10px;--awb-margin-left-small:0px;\"><h2 class=\"fusion-title-heading title-heading-left fusion-responsive-typography-calculated\" style=\"margin:0;--fontSize:22.5;line-height:var(--awb-typography1-line-height);\"><span style=\"color: #8064ab;\">Bliv DialogPilot og g\u00f8r en forskel for unge<\/span><\/h2><\/div><div class=\"fusion-text fusion-text-1\"><p>DialogPiloterne i headspace er et team, der prim\u00e6rt best\u00e5r af frivillige. Vi tager ud til unge og afholder workshops, der s\u00e6tter fokus p\u00e5 forskellige temaer, og som vedr\u00f8rer mental sundhed. DialogPiloterne tager i \u00f8jeblikket ud til unge i Helsing\u00f8r Kommune.<\/p>\n<p>Som frivillig DialogPilot bliver du en del af headspace, som er en organisation, der arbejder for bedre mental trivsel hos ungdommen. Det g\u00f8r vi gennem vores fysiske r\u00e5dgivning, chatr\u00e5dgivning og gennem sundhedsfremmende arbejde, der hvor de unge har deres dagligdag.<\/p>\n<p>DialogPiloter tager ud og afholder workshops for b\u00f8rn og unge i alderen 12-25 \u00e5r, som oftest er p\u00e5 folkeskoler eller ungdomsuddannelser i tidsrummet 9-14. Vores workshops best\u00e5r prim\u00e6rt af \u00f8velser, der har til hensigt p\u00e5 en sjov og legende m\u00e5de at starte den gode dialog med de unge.<\/p>\n<p>&nbsp;<\/p>\n<\/div><div class=\"fusion-title title fusion-title-3 fusion-sep-none fusion-title-text fusion-title-size-two\" style=\"--awb-margin-top-small:10px;--awb-margin-right-small:0px;--awb-margin-bottom-small:10px;--awb-margin-left-small:0px;--awb-font-size:30px;\"><h2 class=\"fusion-title-heading title-heading-left fusion-responsive-typography-calculated\" style=\"margin:0;font-size:1em;--fontSize:30;line-height:1.5;\"><span style=\"color: #78ba53;\">Vil du<\/span><\/h2><\/div><div class=\"fusion-text fusion-text-2\"><ul>\n<li>med ud og have det sjovt med unge?<\/li>\n<li>st\u00e5 for at afholde workshops i samarbejde med en anden DialogPilot eller vil du gerne \u00f8ve dig i det?<\/li>\n<li>udvikle dine kompetencer inden for formidling, facilitering og kommunikation og f\u00e5 noget fedt til CV\u2019et?<\/li>\n<\/ul>\n<p><strong>Og er du:<\/strong><\/p>\n<ul>\n<li>god til eller vil du gerne v\u00e6re god til at st\u00e5 foran andre?<\/li>\n<li>nysgerrig p\u00e5 at h\u00f8re, hvad unge i dag har p\u00e5 hjerte?<\/li>\n<li>klar p\u00e5 at se, hvor dialogen tager jer hen?<\/li>\n<\/ul>\n<p>&#8230; S\u00e5 skal du blive frivillig DialogPilot hos headspace!<\/p>\n<p>&nbsp;<\/p>\n<\/div><div class=\"fusion-text fusion-text-3\"><p>Du beh\u00f8ver ikke at have nogen erfaringer med unge, undervisning eller formidling. <strong>Det vigtigste er, at du er nysgerrig, har lyst til at udvikle dig og har g\u00e5-p\u00e5-mod.<\/strong><\/p>\n<p>Som en del af teamet tilbyder vi dig en masse meningsfulde og sjove oplevelser sammen med unge og andre DialogPiloter. Du f\u00e5r et fleksibelt frivilligarbejde med mulighed for masser af indflydelse og inddragelse. Uanset dit udgangspunkt vil der v\u00e6re mulighed for udvikling af diverse kompetencer blandt andet gennem uddannelse, supervision og sparring.<\/p>\n<p><b>Hvis du er nysgerrig p\u00e5 at h\u00f8re mere eller har du afklarende sp\u00f8rgsm\u00e5l, kan du ringe til:<\/b><\/p>\n<p>Trine, der er unger\u00e5dgiver i headspace Helsing\u00f8r p\u00e5 telefon: 25 97 79 66.<\/p><\/p>\n<\/div><div style=\"text-align:left;\"><a class=\"fusion-button button-flat fusion-button-default-size button-default fusion-button-default button-1 fusion-button-span-no fusion-button-default-type\" style=\"--button_margin-top:1em;--button_margin-bottom:1em;\" target=\"_blank\" rel=\"noopener noreferrer\" href=\"https:\/\/app.jobmatchprofile.com\/jaTK47X\"><span class=\"fusion-button-text awb-button__text awb-button__text--default\">APPLY HERE<\/span><\/a><\/div><div class=\"fusion-text fusion-text-4\"><p style=\"text-align: left;\">We look forward to hearing from you!<\/p>\n<\/div><\/div><\/div><\/div><\/div><div class=\"fusion-fullwidth fullwidth-box fusion-builder-row-4 fusion-flex-container nonhundred-percent-fullwidth non-hundred-percent-height-scrolling fusion-no-medium-visibility fusion-no-large-visibility\" style=\"--awb-border-radius-top-left:0px;--awb-border-radius-top-right:0px;--awb-border-radius-bottom-right:0px;--awb-border-radius-bottom-left:0px;--awb-background-color:var(--awb-custom_color_1);--awb-flex-wrap:wrap;\" ><div class=\"fusion-builder-row fusion-row fusion-flex-align-items-flex-start fusion-flex-content-wrap\" style=\"max-width:1508px;margin-left: calc(-4% \/ 2 );margin-right: calc(-4% \/ 2 );\"><div class=\"fusion-layout-column fusion_builder_column fusion-builder-column-3 fusion_builder_column_1_1 1_1 fusion-flex-column\" style=\"--awb-bg-size:cover;--awb-width-large:100%;--awb-margin-top-large:0px;--awb-spacing-right-large:1.92%;--awb-margin-bottom-large:20px;--awb-spacing-left-large:1.92%;--awb-width-medium:100%;--awb-order-medium:0;--awb-spacing-right-medium:1.92%;--awb-spacing-left-medium:1.92%;--awb-width-small:100%;--awb-order-small:0;--awb-spacing-right-small:1.92%;--awb-spacing-left-small:1.92%;\"><div class=\"fusion-column-wrapper fusion-column-has-shadow fusion-flex-justify-content-flex-start fusion-content-layout-column\"><div class=\"fusion-text fusion-text-5\" style=\"--awb-margin-top:20px;\"><p style=\"text-align: center; font-size: 45px;\" data-fusion-font=\"true\"><b style=\"color: var(--awb-color1); font-size: 40px;\" data-fusion-font=\"true\">Want to join the team?<\/b><\/p>\n<\/div><\/div><\/div><\/div><\/div><div class=\"fusion-fullwidth fullwidth-box fusion-builder-row-5 fusion-flex-container fusion-parallax-none nonhundred-percent-fullwidth hundred-percent-height hundred-percent-height-center-content non-hundred-percent-height-scrolling fusion-no-medium-visibility fusion-no-large-visibility lazyload\" style=\"--awb-border-radius-top-left:0px;--awb-border-radius-top-right:0px;--awb-border-radius-bottom-right:0px;--awb-border-radius-bottom-left:0px;--awb-padding-bottom-small:273px;--awb-background-size:cover;--awb-flex-wrap:wrap;\" data-bg=\"https:\/\/headspace.dk\/wp-content\/uploads\/2022\/08\/DSC02094-scaled.jpg\" ><div class=\"fusion-builder-row fusion-row fusion-flex-align-items-flex-start fusion-flex-content-wrap\" style=\"max-width:1508px;margin-left: calc(-4% \/ 2 );margin-right: calc(-4% \/ 2 );\"><div class=\"fusion-layout-column fusion_builder_column fusion-builder-column-4 fusion_builder_column_1_1 1_1 fusion-flex-column\" style=\"--awb-bg-size:cover;--awb-width-large:100%;--awb-margin-top-large:0px;--awb-spacing-right-large:1.92%;--awb-margin-bottom-large:20px;--awb-spacing-left-large:1.92%;--awb-width-medium:100%;--awb-order-medium:0;--awb-spacing-right-medium:1.92%;--awb-spacing-left-medium:1.92%;--awb-width-small:100%;--awb-order-small:0;--awb-spacing-right-small:1.92%;--awb-spacing-left-small:1.92%;\"><div class=\"fusion-column-wrapper fusion-column-has-shadow fusion-flex-justify-content-flex-start fusion-content-layout-column\"><\/div><\/div><\/div><\/div><\/p>","protected":false},"excerpt":{"rendered":"","protected":false},"author":842,"featured_media":0,"parent":0,"menu_order":0,"comment_status":"closed","ping_status":"closed","template":"100-width.php","meta":{"footnotes":""},"class_list":["post-13663","page","type-page","status-publish","hentry"],"yoast_head":"<!-- This site is optimized with the Yoast SEO plugin v27.4 - https:\/\/yoast.com\/product\/yoast-seo-wordpress\/ -->\n<title>Bliv frivillig Dialogpilot - headspace<\/title>\n<meta name=\"robots\" content=\"index, follow, max-snippet:-1, max-image-preview:large, max-video-preview:-1\" \/>\n<link rel=\"canonical\" href=\"https:\/\/headspace.dk\/en\/bliv-frivillig-dialogpilot\/\" \/>\n<meta property=\"og:locale\" content=\"en_US\" \/>\n<meta property=\"og:type\" content=\"article\" \/>\n<meta property=\"og:title\" content=\"Bliv frivillig Dialogpilot - headspace\" \/>\n<meta property=\"og:url\" content=\"https:\/\/headspace.dk\/en\/bliv-frivillig-dialogpilot\/\" \/>\n<meta property=\"og:site_name\" content=\"headspace\" \/>\n<meta property=\"article:publisher\" content=\"https:\/\/www.facebook.com\/HeadspaceDanmark\/\" \/>\n<meta property=\"article:modified_time\" content=\"2025-11-25T14:24:15+00:00\" \/>\n<meta name=\"twitter:card\" content=\"summary_large_image\" \/>\n<meta name=\"twitter:label1\" content=\"Est. reading time\" \/>\n\t<meta name=\"twitter:data1\" content=\"2 minutes\" \/>\n<script type=\"application\/ld+json\" class=\"yoast-schema-graph\">{\"@context\":\"https:\\\/\\\/schema.org\",\"@graph\":[{\"@type\":\"WebPage\",\"@id\":\"https:\\\/\\\/headspace.dk\\\/bliv-frivillig-dialogpilot\\\/\",\"url\":\"https:\\\/\\\/headspace.dk\\\/bliv-frivillig-dialogpilot\\\/\",\"name\":\"Bliv frivillig Dialogpilot - headspace\",\"isPartOf\":{\"@id\":\"https:\\\/\\\/headspace.dk\\\/#website\"},\"datePublished\":\"2024-11-27T16:16:12+00:00\",\"dateModified\":\"2025-11-25T14:24:15+00:00\",\"breadcrumb\":{\"@id\":\"https:\\\/\\\/headspace.dk\\\/bliv-frivillig-dialogpilot\\\/#breadcrumb\"},\"inLanguage\":\"en-US\",\"potentialAction\":[{\"@type\":\"ReadAction\",\"target\":[\"https:\\\/\\\/headspace.dk\\\/bliv-frivillig-dialogpilot\\\/\"]}]},{\"@type\":\"BreadcrumbList\",\"@id\":\"https:\\\/\\\/headspace.dk\\\/bliv-frivillig-dialogpilot\\\/#breadcrumb\",\"itemListElement\":[{\"@type\":\"ListItem\",\"position\":1,\"name\":\"Hjem\",\"item\":\"https:\\\/\\\/headspace.dk\\\/\"},{\"@type\":\"ListItem\",\"position\":2,\"name\":\"Bliv frivillig Dialogpilot\"}]},{\"@type\":\"WebSite\",\"@id\":\"https:\\\/\\\/headspace.dk\\\/#website\",\"url\":\"https:\\\/\\\/headspace.dk\\\/\",\"name\":\"headspace\",\"description\":\"vi er nogen at tale med\",\"publisher\":{\"@id\":\"https:\\\/\\\/headspace.dk\\\/#organization\"},\"potentialAction\":[{\"@type\":\"SearchAction\",\"target\":{\"@type\":\"EntryPoint\",\"urlTemplate\":\"https:\\\/\\\/headspace.dk\\\/?s={search_term_string}\"},\"query-input\":{\"@type\":\"PropertyValueSpecification\",\"valueRequired\":true,\"valueName\":\"search_term_string\"}}],\"inLanguage\":\"en-US\"},{\"@type\":\"Organization\",\"@id\":\"https:\\\/\\\/headspace.dk\\\/#organization\",\"name\":\"headspace\",\"url\":\"https:\\\/\\\/headspace.dk\\\/\",\"logo\":{\"@type\":\"ImageObject\",\"inLanguage\":\"en-US\",\"@id\":\"https:\\\/\\\/headspace.dk\\\/#\\\/schema\\\/logo\\\/image\\\/\",\"url\":\"https:\\\/\\\/headspace.dk\\\/wp-content\\\/uploads\\\/2024\\\/06\\\/3.png\",\"contentUrl\":\"https:\\\/\\\/headspace.dk\\\/wp-content\\\/uploads\\\/2024\\\/06\\\/3.png\",\"width\":1080,\"height\":1080,\"caption\":\"headspace\"},\"image\":{\"@id\":\"https:\\\/\\\/headspace.dk\\\/#\\\/schema\\\/logo\\\/image\\\/\"},\"sameAs\":[\"https:\\\/\\\/www.facebook.com\\\/HeadspaceDanmark\\\/\",\"https:\\\/\\\/www.tiktok.com\\\/@headspacedanmark\",\"https:\\\/\\\/www.instagram.com\\\/headspacedanmark\\\/\"]}]}<\/script>\n<!-- \/ Yoast SEO plugin. -->","yoast_head_json":{"title":"Bliv frivillig Dialogpilot - headspace","robots":{"index":"index","follow":"follow","max-snippet":"max-snippet:-1","max-image-preview":"max-image-preview:large","max-video-preview":"max-video-preview:-1"},"canonical":"https:\/\/headspace.dk\/en\/bliv-frivillig-dialogpilot\/","og_locale":"en_US","og_type":"article","og_title":"Bliv frivillig Dialogpilot - headspace","og_url":"https:\/\/headspace.dk\/en\/bliv-frivillig-dialogpilot\/","og_site_name":"headspace","article_publisher":"https:\/\/www.facebook.com\/HeadspaceDanmark\/","article_modified_time":"2025-11-25T14:24:15+00:00","twitter_card":"summary_large_image","twitter_misc":{"Est. reading time":"2 minutes"},"schema":{"@context":"https:\/\/schema.org","@graph":[{"@type":"WebPage","@id":"https:\/\/headspace.dk\/bliv-frivillig-dialogpilot\/","url":"https:\/\/headspace.dk\/bliv-frivillig-dialogpilot\/","name":"Bliv frivillig Dialogpilot - headspace","isPartOf":{"@id":"https:\/\/headspace.dk\/#website"},"datePublished":"2024-11-27T16:16:12+00:00","dateModified":"2025-11-25T14:24:15+00:00","breadcrumb":{"@id":"https:\/\/headspace.dk\/bliv-frivillig-dialogpilot\/#breadcrumb"},"inLanguage":"en-US","potentialAction":[{"@type":"ReadAction","target":["https:\/\/headspace.dk\/bliv-frivillig-dialogpilot\/"]}]},{"@type":"BreadcrumbList","@id":"https:\/\/headspace.dk\/bliv-frivillig-dialogpilot\/#breadcrumb","itemListElement":[{"@type":"ListItem","position":1,"name":"Hjem","item":"https:\/\/headspace.dk\/"},{"@type":"ListItem","position":2,"name":"Bliv frivillig Dialogpilot"}]},{"@type":"WebSite","@id":"https:\/\/headspace.dk\/#website","url":"https:\/\/headspace.dk\/","name":"headspace","description":"we are someone to talk to","publisher":{"@id":"https:\/\/headspace.dk\/#organization"},"potentialAction":[{"@type":"SearchAction","target":{"@type":"EntryPoint","urlTemplate":"https:\/\/headspace.dk\/?s={search_term_string}"},"query-input":{"@type":"PropertyValueSpecification","valueRequired":true,"valueName":"search_term_string"}}],"inLanguage":"en-US"},{"@type":"Organization","@id":"https:\/\/headspace.dk\/#organization","name":"headspace","url":"https:\/\/headspace.dk\/","logo":{"@type":"ImageObject","inLanguage":"en-US","@id":"https:\/\/headspace.dk\/#\/schema\/logo\/image\/","url":"https:\/\/headspace.dk\/wp-content\/uploads\/2024\/06\/3.png","contentUrl":"https:\/\/headspace.dk\/wp-content\/uploads\/2024\/06\/3.png","width":1080,"height":1080,"caption":"headspace"},"image":{"@id":"https:\/\/headspace.dk\/#\/schema\/logo\/image\/"},"sameAs":["https:\/\/www.facebook.com\/HeadspaceDanmark\/","https:\/\/www.tiktok.com\/@headspacedanmark","https:\/\/www.instagram.com\/headspacedanmark\/"]}]}},"_links":{"self":[{"href":"https:\/\/headspace.dk\/en\/wp-json\/wp\/v2\/pages\/13663","targetHints":{"allow":["GET"]}}],"collection":[{"href":"https:\/\/headspace.dk\/en\/wp-json\/wp\/v2\/pages"}],"about":[{"href":"https:\/\/headspace.dk\/en\/wp-json\/wp\/v2\/types\/page"}],"author":[{"embeddable":true,"href":"https:\/\/headspace.dk\/en\/wp-json\/wp\/v2\/users\/842"}],"replies":[{"embeddable":true,"href":"https:\/\/headspace.dk\/en\/wp-json\/wp\/v2\/comments?post=13663"}],"version-history":[{"count":10,"href":"https:\/\/headspace.dk\/en\/wp-json\/wp\/v2\/pages\/13663\/revisions"}],"predecessor-version":[{"id":19478,"href":"https:\/\/headspace.dk\/en\/wp-json\/wp\/v2\/pages\/13663\/revisions\/19478"}],"wp:attachment":[{"href":"https:\/\/headspace.dk\/en\/wp-json\/wp\/v2\/media?parent=13663"}],"curies":[{"name":"wp","href":"https:\/\/api.w.org\/{rel}","templated":true}]}}