{"id":16174,"date":"2025-04-01T10:45:06","date_gmt":"2025-04-01T08:45:06","guid":{"rendered":"https:\/\/headspace.dk\/?page_id=16174"},"modified":"2026-01-05T11:43:36","modified_gmt":"2026-01-05T10:43:36","slug":"headspace-family-bliv-frivillig-chatten","status":"publish","type":"page","link":"https:\/\/headspace.dk\/en\/headspace-family-bliv-frivillig-chatten\/","title":{"rendered":"headspace Family Become a volunteer in the chat"},"content":{"rendered":"<p><div class=\"fusion-fullwidth fullwidth-box fusion-builder-row-1 fusion-flex-container has-pattern-background has-mask-background fusion-parallax-none nonhundred-percent-fullwidth non-hundred-percent-height-scrolling lazyload\" style=\"--awb-background-position:right center;--awb-background-blend-mode:multiply;--awb-border-radius-top-left:0px;--awb-border-radius-top-right:0px;--awb-border-radius-bottom-right:0px;--awb-border-radius-bottom-left:0px;--awb-min-height:70vh;--awb-background-size:cover;--awb-flex-wrap:wrap;\" data-bg=\"https:\/\/headspace.dk\/wp-content\/uploads\/2025\/12\/hs-family-optimized-16.webp\" ><div class=\"fusion-builder-row fusion-row fusion-flex-align-items-center fusion-flex-align-content-center fusion-flex-justify-content-center fusion-flex-content-wrap\" style=\"max-width:1508px;margin-left: calc(-4% \/ 2 );margin-right: calc(-4% \/ 2 );\"><div class=\"fusion-layout-column fusion_builder_column fusion-builder-column-0 fusion_builder_column_2_5 2_5 fusion-flex-column fusion-flex-align-self-center\" style=\"--awb-bg-size:cover;--awb-width-large:40%;--awb-margin-top-large:0px;--awb-spacing-right-large:4.8%;--awb-margin-bottom-large:0px;--awb-spacing-left-large:4.8%;--awb-width-medium:40%;--awb-order-medium:0;--awb-spacing-right-medium:4.8%;--awb-spacing-left-medium:4.8%;--awb-width-small:100%;--awb-order-small:0;--awb-spacing-right-small:1.92%;--awb-spacing-left-small:1.92%;\"><div class=\"fusion-column-wrapper fusion-column-has-shadow fusion-flex-justify-content-center fusion-content-layout-column\"><div class=\"fusion-image-element\" style=\"text-align:center;--awb-caption-title-font-family:var(--h2_typography-font-family);--awb-caption-title-font-weight:var(--h2_typography-font-weight);--awb-caption-title-font-style:var(--h2_typography-font-style);--awb-caption-title-size:var(--h2_typography-font-size);--awb-caption-title-transform:var(--h2_typography-text-transform);--awb-caption-title-line-height:var(--h2_typography-line-height);--awb-caption-title-letter-spacing:var(--h2_typography-letter-spacing);\"><span class=\"fusion-imageframe imageframe-none imageframe-1 hover-type-none\"><img decoding=\"async\" width=\"925\" height=\"392\" title=\"headspace Family logo 2\" src=\"https:\/\/headspace.dk\/wp-content\/uploads\/2024\/05\/headspace-Family-logo-2.png\" data-orig-src=\"https:\/\/headspace.dk\/wp-content\/uploads\/2024\/05\/headspace-Family-logo-2.png\" alt class=\"lazyload img-responsive wp-image-10970\" srcset=\"data:image\/svg+xml,%3Csvg%20xmlns%3D%27http%3A%2F%2Fwww.w3.org%2F2000%2Fsvg%27%20width%3D%27925%27%20height%3D%27392%27%20viewBox%3D%270%200%20925%20392%27%3E%3Crect%20width%3D%27925%27%20height%3D%27392%27%20fill-opacity%3D%220%22%2F%3E%3C%2Fsvg%3E\" data-srcset=\"https:\/\/headspace.dk\/wp-content\/uploads\/2024\/05\/headspace-Family-logo-2-200x85.png 200w, https:\/\/headspace.dk\/wp-content\/uploads\/2024\/05\/headspace-Family-logo-2-400x170.png 400w, https:\/\/headspace.dk\/wp-content\/uploads\/2024\/05\/headspace-Family-logo-2-600x254.png 600w, https:\/\/headspace.dk\/wp-content\/uploads\/2024\/05\/headspace-Family-logo-2-800x339.png 800w, https:\/\/headspace.dk\/wp-content\/uploads\/2024\/05\/headspace-Family-logo-2.png 925w\" data-sizes=\"auto\" data-orig-sizes=\"(max-width: 640px) 100vw, 600px\" \/><\/span><\/div><\/div><\/div><\/div><\/div><div class=\"fusion-fullwidth fullwidth-box fusion-builder-row-2 fusion-flex-container has-pattern-background has-mask-background fusion-parallax-none nonhundred-percent-fullwidth non-hundred-percent-height-scrolling lazyload\" style=\"--awb-background-position:right bottom;--awb-background-repeat:repeat-y;--awb-border-radius-top-left:0px;--awb-border-radius-top-right:0px;--awb-border-radius-bottom-right:0px;--awb-border-radius-bottom-left:0px;--awb-padding-top:3em;--awb-padding-bottom:3em;--awb-min-height:70vh;--awb-background-size:contain;--awb-flex-wrap:wrap;\" data-bg=\"https:\/\/headspace.dk\/wp-content\/uploads\/2025\/11\/candle.webp\" ><div class=\"fusion-builder-row fusion-row fusion-flex-align-items-center fusion-flex-justify-content-center fusion-flex-content-wrap\" style=\"max-width:1508px;margin-left: calc(-4% \/ 2 );margin-right: calc(-4% \/ 2 );\"><div class=\"fusion-layout-column fusion_builder_column fusion-builder-column-1 fusion_builder_column_4_5 4_5 fusion-flex-column fusion-flex-align-self-center\" style=\"--awb-bg-size:cover;--awb-width-large:80%;--awb-margin-top-large:2em;--awb-spacing-right-large:2.4%;--awb-margin-bottom-large:5em;--awb-spacing-left-large:2.4%;--awb-width-medium:80%;--awb-order-medium:0;--awb-spacing-right-medium:2.4%;--awb-spacing-left-medium:2.4%;--awb-width-small:100%;--awb-order-small:0;--awb-spacing-right-small:1.92%;--awb-spacing-left-small:1.92%;\"><div class=\"fusion-column-wrapper fusion-column-has-shadow fusion-flex-justify-content-flex-start fusion-content-layout-column\"><div class=\"fusion-title title fusion-title-1 fusion-sep-none fusion-title-text fusion-title-size-one\" style=\"--awb-text-color:var(--awb-custom_color_7);--awb-margin-top-small:10px;--awb-margin-right-small:0px;--awb-margin-bottom-small:10px;--awb-margin-left-small:0px;\"><h1 class=\"fusion-title-heading title-heading-left fusion-responsive-typography-calculated\" style=\"font-family:&quot;Century gothic bold&quot;;font-style:normal;font-weight:400;margin:0;text-transform:uppercase;--fontSize:30;line-height:var(--awb-typography1-line-height);\">Become a peer volunteer in the headspace Family chat<\/h1><\/div><div class=\"fusion-text fusion-text-1\" style=\"--awb-text-font-family:&quot;Century gothic&quot;;--awb-text-font-style:normal;--awb-text-font-weight:400;\"><p>Do you want to use your experience as a relative to bring hope and help others? Then we need YOU as a peer volunteer in <b>headspace Family chat <\/b><\/p>\n<p><span style=\"color: var(--awb-text-color); font-family: var(--awb-text-font-family); font-size: var(--awb-font-size); font-style: var(--awb-text-font-style); font-weight: var(--awb-text-font-weight); letter-spacing: var(--awb-letter-spacing); text-align: var(--awb-content-alignment); text-transform: var(--awb-text-transform); background-color: var(--awb-bg-color);\">Use your experience to make a difference for families and relatives of young people who are struggling.<\/span><\/p>\n<p class=\"translation-block\">headspace Family is a <b>conversation service for families and relatives of young people aged 12\u201325<\/b> who are struggling. We <a style=\"color: var(--awb-custom_color_7)\" href=\"https:\/\/headspace.dk\/en\/headspace-family-samtaler\/\" target=\"_self\"><b>offer individual and family sessions<\/b><\/a> at our physical centres, as well as <b>individual sessions in our chat<\/b>. Conversations can cover everything from family conflicts to the many difficult emotions that arise when a young person is struggling.<\/p>\n<p class=\"translation-block\">With <b>your help<\/b>, even more people can have someone to talk to. In the headspace Family chat, conversations are primarily carried out by volunteers, supported by staff. You will be on shift either in the morning\/early afternoon or late afternoon\/evening, and each shift lasts 6 hours (including breaks and guidance).<\/p>\n<p class=\"translation-block\">Your personal experience means that the people seeking help from us <b>feel seen and met on equal terms<\/b>. It gives hope and strength to see others who have been through a crisis living meaningful lives, with the energy to support others.<\/p>\n<p>We provide you with the tools and prepare you well, and together we create a safe space to talk about emotions and challenges related to being close to a young person struggling with wellbeing.<\/p>\n<p><span data-teams=\"true\">All work in the headspace Family chat takes place in person at Hellerupvej 24, 2900 Hellerup.<\/span><\/p>\n<\/div><div class=\"fusion-title title fusion-title-2 fusion-sep-none fusion-title-text fusion-title-size-two\" style=\"--awb-text-color:var(--awb-custom_color_7);--awb-margin-top-small:10px;--awb-margin-right-small:0px;--awb-margin-bottom-small:10px;--awb-margin-left-small:0px;\"><h2 class=\"fusion-title-heading title-heading-left fusion-responsive-typography-calculated\" style=\"font-family:&quot;Century gothic bold&quot;;font-style:normal;font-weight:400;margin:0;--fontSize:22.5;line-height:var(--awb-typography1-line-height);\"><div><\/div>\n<div><span style=\"background-color: var(--awb-bg-color-hover); color: var(--awb-text-color); font-size: 1em; letter-spacing: var(--h1_typography-letter-spacing); text-transform: var(--h1_typography-text-transform);\">Our expectations of you:<\/span><\/div><\/h2><\/div><div class=\"fusion-text fusion-text-2\" style=\"--awb-text-font-family:&quot;Century gothic&quot;;--awb-text-font-style:normal;--awb-text-font-weight:400;\"><ul>\n<li>Have supported someone in your family who has been in distress.<\/li>\n<li>Preferably with a background in counselling, therapy, or healthcare.<\/li>\n<li>Be able to listen, ask curious questions, and draw on your own experiences when it makes sense to do so<\/li>\n<li>That you can see yourself chatting about a wide range of dilemmas and topics that relatives may face, such as family conflicts, school avoidance, and more. But also the more difficult issues that can affect a family, such as mental illness, self-harm, and suicidal thoughts. There is always a staff member present in the chat, providing guidance, support, and assistance. You will be trained to handle different types of complex and challenging conversations.<\/li>\n<li>Be approachable, engaged, and cooperative<\/li>\n<li>Want to participate in training, feedback, and supervision<\/li>\n<li>Be able to contribute at least 12 hours per month for at least one year<\/li>\n<\/ul>\n<\/div><div class=\"fusion-title title fusion-title-3 fusion-sep-none fusion-title-text fusion-title-size-two\" style=\"--awb-text-color:var(--awb-custom_color_7);--awb-margin-top-small:10px;--awb-margin-right-small:0px;--awb-margin-bottom-small:10px;--awb-margin-left-small:0px;\"><h2 class=\"fusion-title-heading title-heading-left fusion-responsive-typography-calculated\" style=\"font-family:&quot;Century gothic bold&quot;;font-style:normal;font-weight:400;margin:0;text-transform:uppercase;--fontSize:22.5;line-height:var(--awb-typography1-line-height);\">We offer you:<\/h2><\/div><div class=\"fusion-text fusion-text-3\" style=\"--awb-text-font-family:&quot;Century gothic&quot;;--awb-text-font-style:normal;--awb-text-font-weight:400;\"><ul>\n<li>The opportunity to use your personal experience to help others while learning more about yourself.<\/li>\n<li>A social and rewarding community within the volunteer group<\/li>\n<li class=\"translation-block\">Sparring og st\u00f8tte <b>\u2013<\/b> du vil aldrig st\u00e5 alene.<\/li>\n<li>Experience in working with volunteering and handling difficult conversations<\/li>\n<li>To develop your written counselling skills within a digital support platform.<\/li>\n<li>Flexibility in planning your shifts<\/li>\n<\/ul>\n<p>We provide you with a volunteer training program that prepares you well for the conversations. You will receive ongoing guidance and support so you can continuously develop and improve your skills. In addition, themed evenings and volunteer meetings are held, both for professional development and social interaction.<\/p>\n<h4><b style=\"color: rgb(20, 22, 23); font-size: 17px;\" data-fusion-font=\"true\">Introductory training in the headspace chat<\/b><\/h4>\n<p>To become a volunteer with us, you must attend an introductory training, which takes place at Hellerupvej 24, 2900 Hellerup. In addition, you will complete shadow shifts with a staff member or a current volunteer.<\/p>\n<\/div><div class=\"fusion-title title fusion-title-4 fusion-sep-none fusion-title-text fusion-title-size-three\" style=\"--awb-text-color:var(--awb-custom_color_7);--awb-margin-top-small:10px;--awb-margin-right-small:0px;--awb-margin-bottom-small:10px;--awb-margin-left-small:0px;\"><h3 class=\"fusion-title-heading title-heading-left fusion-responsive-typography-calculated\" style=\"font-family:&quot;Century gothic bold&quot;;font-style:normal;font-weight:400;margin:0;--fontSize:15;--minFontSize:15;line-height:var(--awb-typography1-line-height);\">What do I do now?<\/h3><\/div><div class=\"fusion-text fusion-text-4\" style=\"--awb-text-font-family:&quot;Century gothic&quot;;--awb-text-font-style:normal;--awb-text-font-weight:400;\"><p>If we have caught your interest, send us your application and tell us a little about yourself and your motivation for joining.<\/p>\n<p>If you have any questions or would like to learn more about being a peer volunteer at headspace Family, feel free to contact your local headspace centre \u2013 ask for the Family Advisor.<\/p>\n<\/div><div style=\"text-align:left;\"><a class=\"fusion-button button-flat button-small button-custom fusion-button-default button-1 fusion-button-default-span fusion-button-default-type\" style=\"--button_accent_color:var(--awb-color1);--button_accent_hover_color:var(--awb-color1);--button_border_hover_color:var(--awb-color1);--button_gradient_top_color:var(--awb-custom_color_7);--button_gradient_bottom_color:var(--awb-custom_color_7);--button_gradient_top_color_hover:hsla(var(--awb-color4-h),calc(var(--awb-color4-s) - 5%),calc(var(--awb-color4-l) - 10%),var(--awb-color4-a));--button_gradient_bottom_color_hover:hsla(var(--awb-color4-h),calc(var(--awb-color4-s) - 5%),calc(var(--awb-color4-l) - 10%),var(--awb-color4-a));--button_typography-font-family:&quot;Century gothic bold&quot;;--button_typography-font-style:normal;--button_typography-font-weight:400;\" target=\"_self\" href=\"https:\/\/app.jobmatchprofile.com\/jaFXMXY\/jaapply\"><span class=\"fusion-button-text awb-button__text awb-button__text--default\">Apply here<\/span><i class=\"fa-angle-right fas awb-button__icon awb-button__icon--default button-icon-right\" aria-hidden=\"true\"><\/i><\/a><\/div><\/div><\/div><\/div><\/div><\/p>","protected":false},"excerpt":{"rendered":"","protected":false},"author":486,"featured_media":0,"parent":0,"menu_order":0,"comment_status":"closed","ping_status":"closed","template":"100-width.php","meta":{"footnotes":""},"class_list":["post-16174","page","type-page","status-publish","hentry"],"yoast_head":"<!-- This site is optimized with the Yoast SEO plugin v27.3 - https:\/\/yoast.com\/product\/yoast-seo-wordpress\/ -->\n<title>headspace Family Bliv frivillig i chatten - headspace<\/title>\n<meta name=\"description\" content=\"Bring din erfaring som p\u00e5r\u00f8rende i spil og skab h\u00e5b og hj\u00e6lp andre for\u00e6ldre og p\u00e5r\u00f8rende. Med din hj\u00e6lp kan endnu flere f\u00e5 nogen at tale med.\" \/>\n<meta name=\"robots\" content=\"index, follow, max-snippet:-1, max-image-preview:large, max-video-preview:-1\" \/>\n<link rel=\"canonical\" href=\"https:\/\/headspace.dk\/en\/headspace-family-bliv-frivillig-chatten\/\" \/>\n<meta property=\"og:locale\" content=\"en_US\" \/>\n<meta property=\"og:type\" content=\"article\" \/>\n<meta property=\"og:title\" content=\"headspace Family Bliv frivillig i chatten - headspace\" \/>\n<meta property=\"og:description\" content=\"Bring din erfaring som p\u00e5r\u00f8rende i spil og skab h\u00e5b og hj\u00e6lp andre for\u00e6ldre og p\u00e5r\u00f8rende. Med din hj\u00e6lp kan endnu flere f\u00e5 nogen at tale med.\" \/>\n<meta property=\"og:url\" content=\"https:\/\/headspace.dk\/en\/headspace-family-bliv-frivillig-chatten\/\" \/>\n<meta property=\"og:site_name\" content=\"headspace\" \/>\n<meta property=\"article:publisher\" content=\"https:\/\/www.facebook.com\/HeadspaceDanmark\/\" \/>\n<meta property=\"article:modified_time\" content=\"2026-01-05T10:43:36+00:00\" \/>\n<meta name=\"twitter:card\" content=\"summary_large_image\" \/>\n<meta name=\"twitter:label1\" content=\"Est. reading time\" \/>\n\t<meta name=\"twitter:data1\" content=\"4 minutes\" \/>\n<script type=\"application\/ld+json\" class=\"yoast-schema-graph\">{\"@context\":\"https:\\\/\\\/schema.org\",\"@graph\":[{\"@type\":\"WebPage\",\"@id\":\"https:\\\/\\\/headspace.dk\\\/headspace-family-bliv-frivillig-chatten\\\/\",\"url\":\"https:\\\/\\\/headspace.dk\\\/headspace-family-bliv-frivillig-chatten\\\/\",\"name\":\"headspace Family Bliv frivillig i chatten - headspace\",\"isPartOf\":{\"@id\":\"https:\\\/\\\/headspace.dk\\\/#website\"},\"datePublished\":\"2025-04-01T08:45:06+00:00\",\"dateModified\":\"2026-01-05T10:43:36+00:00\",\"description\":\"Bring din erfaring som p\u00e5r\u00f8rende i spil og skab h\u00e5b og hj\u00e6lp andre for\u00e6ldre og p\u00e5r\u00f8rende. Med din hj\u00e6lp kan endnu flere f\u00e5 nogen at tale med.\",\"breadcrumb\":{\"@id\":\"https:\\\/\\\/headspace.dk\\\/headspace-family-bliv-frivillig-chatten\\\/#breadcrumb\"},\"inLanguage\":\"en-US\",\"potentialAction\":[{\"@type\":\"ReadAction\",\"target\":[\"https:\\\/\\\/headspace.dk\\\/headspace-family-bliv-frivillig-chatten\\\/\"]}]},{\"@type\":\"BreadcrumbList\",\"@id\":\"https:\\\/\\\/headspace.dk\\\/headspace-family-bliv-frivillig-chatten\\\/#breadcrumb\",\"itemListElement\":[{\"@type\":\"ListItem\",\"position\":1,\"name\":\"Hjem\",\"item\":\"https:\\\/\\\/headspace.dk\\\/\"},{\"@type\":\"ListItem\",\"position\":2,\"name\":\"headspace Family Bliv frivillig i chatten\"}]},{\"@type\":\"WebSite\",\"@id\":\"https:\\\/\\\/headspace.dk\\\/#website\",\"url\":\"https:\\\/\\\/headspace.dk\\\/\",\"name\":\"headspace\",\"description\":\"vi er nogen at tale med\",\"publisher\":{\"@id\":\"https:\\\/\\\/headspace.dk\\\/#organization\"},\"potentialAction\":[{\"@type\":\"SearchAction\",\"target\":{\"@type\":\"EntryPoint\",\"urlTemplate\":\"https:\\\/\\\/headspace.dk\\\/?s={search_term_string}\"},\"query-input\":{\"@type\":\"PropertyValueSpecification\",\"valueRequired\":true,\"valueName\":\"search_term_string\"}}],\"inLanguage\":\"en-US\"},{\"@type\":\"Organization\",\"@id\":\"https:\\\/\\\/headspace.dk\\\/#organization\",\"name\":\"headspace\",\"url\":\"https:\\\/\\\/headspace.dk\\\/\",\"logo\":{\"@type\":\"ImageObject\",\"inLanguage\":\"en-US\",\"@id\":\"https:\\\/\\\/headspace.dk\\\/#\\\/schema\\\/logo\\\/image\\\/\",\"url\":\"https:\\\/\\\/headspace.dk\\\/wp-content\\\/uploads\\\/2024\\\/06\\\/3.png\",\"contentUrl\":\"https:\\\/\\\/headspace.dk\\\/wp-content\\\/uploads\\\/2024\\\/06\\\/3.png\",\"width\":1080,\"height\":1080,\"caption\":\"headspace\"},\"image\":{\"@id\":\"https:\\\/\\\/headspace.dk\\\/#\\\/schema\\\/logo\\\/image\\\/\"},\"sameAs\":[\"https:\\\/\\\/www.facebook.com\\\/HeadspaceDanmark\\\/\",\"https:\\\/\\\/www.tiktok.com\\\/@headspacedanmark\",\"https:\\\/\\\/www.instagram.com\\\/headspacedanmark\\\/\"]}]}<\/script>\n<!-- \/ Yoast SEO plugin. -->","yoast_head_json":{"title":"headspace Family Bliv frivillig i chatten - headspace","description":"Bring din erfaring som p\u00e5r\u00f8rende i spil og skab h\u00e5b og hj\u00e6lp andre for\u00e6ldre og p\u00e5r\u00f8rende. Med din hj\u00e6lp kan endnu flere f\u00e5 nogen at tale med.","robots":{"index":"index","follow":"follow","max-snippet":"max-snippet:-1","max-image-preview":"max-image-preview:large","max-video-preview":"max-video-preview:-1"},"canonical":"https:\/\/headspace.dk\/en\/headspace-family-bliv-frivillig-chatten\/","og_locale":"en_US","og_type":"article","og_title":"headspace Family Bliv frivillig i chatten - headspace","og_description":"Bring din erfaring som p\u00e5r\u00f8rende i spil og skab h\u00e5b og hj\u00e6lp andre for\u00e6ldre og p\u00e5r\u00f8rende. Med din hj\u00e6lp kan endnu flere f\u00e5 nogen at tale med.","og_url":"https:\/\/headspace.dk\/en\/headspace-family-bliv-frivillig-chatten\/","og_site_name":"headspace","article_publisher":"https:\/\/www.facebook.com\/HeadspaceDanmark\/","article_modified_time":"2026-01-05T10:43:36+00:00","twitter_card":"summary_large_image","twitter_misc":{"Est. reading time":"4 minutes"},"schema":{"@context":"https:\/\/schema.org","@graph":[{"@type":"WebPage","@id":"https:\/\/headspace.dk\/headspace-family-bliv-frivillig-chatten\/","url":"https:\/\/headspace.dk\/headspace-family-bliv-frivillig-chatten\/","name":"headspace Family Bliv frivillig i chatten - headspace","isPartOf":{"@id":"https:\/\/headspace.dk\/#website"},"datePublished":"2025-04-01T08:45:06+00:00","dateModified":"2026-01-05T10:43:36+00:00","description":"Bring din erfaring som p\u00e5r\u00f8rende i spil og skab h\u00e5b og hj\u00e6lp andre for\u00e6ldre og p\u00e5r\u00f8rende. Med din hj\u00e6lp kan endnu flere f\u00e5 nogen at tale med.","breadcrumb":{"@id":"https:\/\/headspace.dk\/headspace-family-bliv-frivillig-chatten\/#breadcrumb"},"inLanguage":"en-US","potentialAction":[{"@type":"ReadAction","target":["https:\/\/headspace.dk\/headspace-family-bliv-frivillig-chatten\/"]}]},{"@type":"BreadcrumbList","@id":"https:\/\/headspace.dk\/headspace-family-bliv-frivillig-chatten\/#breadcrumb","itemListElement":[{"@type":"ListItem","position":1,"name":"Hjem","item":"https:\/\/headspace.dk\/"},{"@type":"ListItem","position":2,"name":"headspace Family Bliv frivillig i chatten"}]},{"@type":"WebSite","@id":"https:\/\/headspace.dk\/#website","url":"https:\/\/headspace.dk\/","name":"headspace","description":"we are someone to talk to","publisher":{"@id":"https:\/\/headspace.dk\/#organization"},"potentialAction":[{"@type":"SearchAction","target":{"@type":"EntryPoint","urlTemplate":"https:\/\/headspace.dk\/?s={search_term_string}"},"query-input":{"@type":"PropertyValueSpecification","valueRequired":true,"valueName":"search_term_string"}}],"inLanguage":"en-US"},{"@type":"Organization","@id":"https:\/\/headspace.dk\/#organization","name":"headspace","url":"https:\/\/headspace.dk\/","logo":{"@type":"ImageObject","inLanguage":"en-US","@id":"https:\/\/headspace.dk\/#\/schema\/logo\/image\/","url":"https:\/\/headspace.dk\/wp-content\/uploads\/2024\/06\/3.png","contentUrl":"https:\/\/headspace.dk\/wp-content\/uploads\/2024\/06\/3.png","width":1080,"height":1080,"caption":"headspace"},"image":{"@id":"https:\/\/headspace.dk\/#\/schema\/logo\/image\/"},"sameAs":["https:\/\/www.facebook.com\/HeadspaceDanmark\/","https:\/\/www.tiktok.com\/@headspacedanmark","https:\/\/www.instagram.com\/headspacedanmark\/"]}]}},"_links":{"self":[{"href":"https:\/\/headspace.dk\/en\/wp-json\/wp\/v2\/pages\/16174","targetHints":{"allow":["GET"]}}],"collection":[{"href":"https:\/\/headspace.dk\/en\/wp-json\/wp\/v2\/pages"}],"about":[{"href":"https:\/\/headspace.dk\/en\/wp-json\/wp\/v2\/types\/page"}],"author":[{"embeddable":true,"href":"https:\/\/headspace.dk\/en\/wp-json\/wp\/v2\/users\/486"}],"replies":[{"embeddable":true,"href":"https:\/\/headspace.dk\/en\/wp-json\/wp\/v2\/comments?post=16174"}],"version-history":[{"count":22,"href":"https:\/\/headspace.dk\/en\/wp-json\/wp\/v2\/pages\/16174\/revisions"}],"predecessor-version":[{"id":20459,"href":"https:\/\/headspace.dk\/en\/wp-json\/wp\/v2\/pages\/16174\/revisions\/20459"}],"wp:attachment":[{"href":"https:\/\/headspace.dk\/en\/wp-json\/wp\/v2\/media?parent=16174"}],"curies":[{"name":"wp","href":"https:\/\/api.w.org\/{rel}","templated":true}]}}