{"id":1754,"date":"2022-11-22T11:48:33","date_gmt":"2022-11-22T10:48:33","guid":{"rendered":"http:\/\/3f3d4b95-f902-4de3-9a13-15c8a6b17167.budgethost.dk\/?page_id=1754"},"modified":"2026-01-13T10:57:01","modified_gmt":"2026-01-13T09:57:01","slug":"akkreditering","status":"publish","type":"page","link":"https:\/\/headspace.dk\/en\/akkreditering\/","title":{"rendered":"Accreditation"},"content":{"rendered":"<p><div class=\"fusion-fullwidth fullwidth-box fusion-builder-row-1 fusion-flex-container fusion-parallax-none nonhundred-percent-fullwidth non-hundred-percent-height-scrolling lazyload\" style=\"--awb-background-position:center top;--awb-border-radius-top-left:0px;--awb-border-radius-top-right:0px;--awb-border-radius-bottom-right:0px;--awb-border-radius-bottom-left:0px;--awb-min-height:70vh;--awb-background-size:cover;--awb-flex-wrap:wrap;\" data-bg=\"https:\/\/headspace.dk\/wp-content\/uploads\/2022\/11\/akrreditering-header-web-scaled.jpg\" ><div class=\"fusion-builder-row fusion-row fusion-flex-align-items-center fusion-flex-align-content-flex-end fusion-flex-justify-content-center fusion-flex-content-wrap\" style=\"max-width:1508px;margin-left: calc(-4% \/ 2 );margin-right: calc(-4% \/ 2 );\"><div class=\"fusion-layout-column fusion_builder_column fusion-builder-column-0 fusion_builder_column_4_5 4_5 fusion-flex-column fusion-flex-align-self-flex-end fusion-no-small-visibility\" style=\"--awb-padding-top-small:25em;--awb-bg-size:cover;--awb-width-large:80%;--awb-margin-top-large:0px;--awb-spacing-right-large:0px;--awb-margin-bottom-large:0px;--awb-spacing-left-large:0px;--awb-width-medium:80%;--awb-order-medium:0;--awb-spacing-right-medium:0px;--awb-spacing-left-medium:0px;--awb-width-small:100%;--awb-order-small:0;--awb-spacing-right-small:1.92%;--awb-spacing-left-small:1.92%;\"><div class=\"fusion-column-wrapper fusion-column-has-shadow fusion-flex-justify-content-flex-start fusion-content-layout-column\"><div class=\"fusion-title title fusion-title-1 fusion-sep-none fusion-title-text fusion-title-size-one\" style=\"--awb-text-color:var(--awb-color1);--awb-margin-top-small:10px;--awb-margin-right-small:0px;--awb-margin-bottom-small:10px;--awb-margin-left-small:0px;--awb-font-size:36px;\"><h1 class=\"fusion-title-heading title-heading-left fusion-responsive-typography-calculated\" style=\"margin:0;text-transform:uppercase;font-size:1em;--fontSize:36;line-height:var(--awb-typography1-line-height);\"><div>Akkreditering af headspace Danmark<\/div><\/h1><\/div><\/div><\/div><\/div><\/div><div class=\"fusion-fullwidth fullwidth-box fusion-builder-row-2 fusion-flex-container has-pattern-background has-mask-background nonhundred-percent-fullwidth non-hundred-percent-height-scrolling\" style=\"--awb-border-radius-top-left:0px;--awb-border-radius-top-right:0px;--awb-border-radius-bottom-right:0px;--awb-border-radius-bottom-left:0px;--awb-padding-top:2em;--awb-padding-bottom:2em;--awb-min-height:70vh;--awb-flex-wrap:wrap;\" ><div class=\"fusion-builder-row fusion-row fusion-flex-align-items-center fusion-flex-justify-content-center fusion-flex-content-wrap\" style=\"max-width:1508px;margin-left: calc(-4% \/ 2 );margin-right: calc(-4% \/ 2 );\"><div class=\"fusion-layout-column fusion_builder_column fusion-builder-column-1 fusion_builder_column_4_5 4_5 fusion-flex-column\" style=\"--awb-bg-size:cover;--awb-width-large:80%;--awb-margin-top-large:0px;--awb-spacing-right-large:0px;--awb-margin-bottom-large:0px;--awb-spacing-left-large:0px;--awb-width-medium:80%;--awb-order-medium:0;--awb-spacing-right-medium:0px;--awb-spacing-left-medium:0px;--awb-width-small:100%;--awb-order-small:0;--awb-spacing-right-small:1.92%;--awb-spacing-left-small:1.92%;\"><div class=\"fusion-column-wrapper fusion-column-has-shadow fusion-flex-justify-content-flex-start fusion-content-layout-column\"><div class=\"fusion-title title fusion-title-2 fusion-sep-none fusion-title-text fusion-title-size-two\" style=\"--awb-text-color:var(--awb-color6);--awb-margin-top-small:10px;--awb-margin-right-small:0px;--awb-margin-bottom-small:10px;--awb-margin-left-small:0px;\"><h2 class=\"fusion-title-heading title-heading-left fusion-responsive-typography-calculated\" style=\"margin:0;text-transform:uppercase;--fontSize:22.5;line-height:var(--awb-typography1-line-height);\">headspace er akkrediteret af R\u00e5dgivningsDanmark<\/h2><\/div><div class=\"fusion-text fusion-text-1\" style=\"--awb-font-size:12pt;--awb-text-color:var(--awb-color6);\"><p><b>At headspace, we\u2019re constantly working to improve what we do. That\u2019s why we\u2019ve gone through an accreditation process that focuses specifically on the quality of our services.<\/b><\/p>\n<p>headspaces face-to-face-r\u00e5dgivning er blevet akkrediteret af <b>R\u00e5dgivningsDanmark<\/b>. Det betyder, at r\u00e5dgivningen har v\u00e6ret igennem en kvalitetsvurdering af, hvorvidt vores tilbud lever op til en r\u00e6kke f\u00e6lles standarder for r\u00e5dgivningstilbud.<\/p>\n<p>Alle vores face-to-face-r\u00e5dgivninger i hele Danmark er blevet akkrediteret af R\u00e5dgivningsDanmark. Akkrediteringen er et kvalitetsstempel af vores r\u00e5dgivende arbejde i headspace og dermed ogs\u00e5 en stor anerkendelse og et k\u00e6mpe skulderklap til vores frivillige, kommunale og regionale medarbejdere, samt vores unger\u00e5dgivere, som alle hver dag g\u00f8r deres bedste for at sikre, at unge f\u00f8ler sig m\u00f8dt og hjulpet godt p\u00e5 vej.<\/p>\n<p><b>Vi er meget stolte af, at vores r\u00e5dgivning har f\u00e5et kvalitetsstemplet.<\/b><\/p>\n<p>Akkrediteringsprocessen har gjort os klogere p\u00e5 os selv. Vi har som organisation et f\u00e6lles v\u00e6rdis\u00e6t og fagligt st\u00e5sted, som sikrer, at man som ung bliver m\u00f8dt af den samme r\u00e5dgivning, lige meget om man m\u00f8der ind i headspace Fredericia eller headspace Hvidovre. Vi har et ens koncept, som sikrer genkendelighed. Vi vidensdeler p\u00e5 tv\u00e6rs af centrene og g\u00f8r brug af hinandens kompetencer.<\/p>\n<p>Man skal som ung og samarbejdspartner have tillid til, at vi yder den r\u00e5dgivning, som vi siger, vi g\u00f8r. Dette er akkrediteringen et bevis p\u00e5.<\/p>\n<p><a href=\"https:\/\/raadgivningsdanmark.dk\/akkreditering\/\" target=\"_blank\" rel=\"noopener noreferrer\"><b style=\"color: var(--awb-custom_color_3);\">Du kan l\u00e6se mere om R\u00e5dgivningsDanmarks akkreditering her<\/b><\/a><\/p>\n<\/div><\/div><\/div><\/div><\/div><div class=\"fusion-fullwidth fullwidth-box fusion-builder-row-3 fusion-flex-container has-pattern-background has-mask-background nonhundred-percent-fullwidth non-hundred-percent-height-scrolling\" style=\"--awb-border-radius-top-left:0px;--awb-border-radius-top-right:0px;--awb-border-radius-bottom-right:0px;--awb-border-radius-bottom-left:0px;--awb-padding-top:2em;--awb-padding-bottom:2em;--awb-min-height:70vh;--awb-background-color:var(--awb-custom_color_3);--awb-flex-wrap:wrap;\" ><div class=\"fusion-builder-row fusion-row fusion-flex-align-items-flex-start fusion-flex-align-content-center fusion-flex-justify-content-center fusion-flex-content-wrap\" style=\"max-width:1508px;margin-left: calc(-4% \/ 2 );margin-right: calc(-4% \/ 2 );\"><div class=\"fusion-layout-column fusion_builder_column fusion-builder-column-2 fusion_builder_column_4_5 4_5 fusion-flex-column\" style=\"--awb-bg-size:cover;--awb-width-large:80%;--awb-margin-top-large:0px;--awb-spacing-right-large:0px;--awb-margin-bottom-large:0px;--awb-spacing-left-large:0px;--awb-width-medium:80%;--awb-order-medium:0;--awb-spacing-right-medium:0px;--awb-spacing-left-medium:0px;--awb-width-small:100%;--awb-order-small:0;--awb-spacing-right-small:1.92%;--awb-spacing-left-small:1.92%;\"><div class=\"fusion-column-wrapper fusion-column-has-shadow fusion-flex-justify-content-flex-start fusion-content-layout-column\"><div class=\"fusion-title title fusion-title-3 fusion-sep-none fusion-title-text fusion-title-size-three\" style=\"--awb-text-color:var(--awb-color1);--awb-margin-top-small:10px;--awb-margin-right-small:0px;--awb-margin-bottom-small:10px;--awb-margin-left-small:0px;\"><h3 class=\"fusion-title-heading title-heading-left fusion-responsive-typography-calculated\" style=\"margin:0;text-transform:uppercase;--fontSize:15;--minFontSize:15;line-height:var(--awb-typography1-line-height);\">headspace values knowledge highly<\/h3><\/div><div class=\"fusion-text fusion-text-2\" style=\"--awb-font-size:12pt;\"><p style=\"color: var(--awb-color1);\">headspace is the largest nationwide, preventive, and mental health\u2013promoting civil society initiative for young people aged 12\u201325 who experience challenges related to their mental wellbeing.<\/p>\n<p style=\"color: var(--awb-color1);\">All conversations at headspace are anonymous, but our analysis unit continuously collects data about who uses headspace, what\u2019s on young people\u2019s minds today, and how our counselling helps and supports them in achieving better mental wellbeing.<\/p>\n<p style=\"color: var(--awb-color1);\">This means that we base our services on continuously collected data, giving us a unique and valuable insight into young people\u2019s mental wellbeing.<\/p>\n<p style=\"color: var(--awb-color1);\">Vi bruger vores viden og data til at skabe det bedste r\u00e5dgivningstilbud til b\u00f8rn og unge, formidle vores viden ud til gavn og nytte for andre og for at kunne inspirere og opstarte nye initiativer, der kan arbejde for mental sundhedsfremme m\u00e5lrettet b\u00f8rn og unge.<\/p>\n<\/div><div style=\"text-align:left;\"><a class=\"fusion-button button-flat button-medium button-custom fusion-button-default button-1 fusion-button-default-span fusion-button-default-type\" style=\"--button_accent_color:var(--awb-color6);--button_border_color:var(--awb-color6);--button_accent_hover_color:var(--awb-color1);--button_border_hover_color:var(--awb-color1);--button_gradient_top_color:var(--awb-color2);--button_gradient_bottom_color:var(--awb-color2);--button_gradient_top_color_hover:var(--awb-custom_color_4);--button_gradient_bottom_color_hover:var(--awb-custom_color_4);\" target=\"_self\" href=\"https:\/\/headspace.dk\/en\/knowledge-about-headspace\/\"><span class=\"fusion-button-text awb-button__text awb-button__text--default\">Du kan finde vores \u00e5rsrapporter, forskningsrapporter og projektevalueringer her<\/span><i class=\"fa-angle-right fas awb-button__icon awb-button__icon--default button-icon-right\" aria-hidden=\"true\"><\/i><\/a><\/div><\/div><\/div><\/div><\/div><\/p>","protected":false},"excerpt":{"rendered":"","protected":false},"author":486,"featured_media":0,"parent":0,"menu_order":0,"comment_status":"closed","ping_status":"closed","template":"100-width.php","meta":{"footnotes":""},"class_list":["post-1754","page","type-page","status-publish","hentry"],"yoast_head":"<!-- This site is optimized with the Yoast SEO plugin v27.3 - https:\/\/yoast.com\/product\/yoast-seo-wordpress\/ -->\n<title>Kvalitetssikret r\u00e5dgivning for unge i headspace<\/title>\n<meta name=\"description\" content=\"Headspace tilbyder akkrediteret face-to-face-r\u00e5dgivning for unge, med h\u00f8j kvalitet og ensartethed i alle centre i Danmark.\" \/>\n<meta name=\"robots\" content=\"index, follow, max-snippet:-1, max-image-preview:large, max-video-preview:-1\" \/>\n<link rel=\"canonical\" href=\"https:\/\/headspace.dk\/en\/akkreditering\/\" \/>\n<meta property=\"og:locale\" content=\"en_US\" \/>\n<meta property=\"og:type\" content=\"article\" \/>\n<meta property=\"og:title\" content=\"Kvalitetssikret r\u00e5dgivning for unge i headspace\" \/>\n<meta property=\"og:description\" content=\"Headspace tilbyder akkrediteret face-to-face-r\u00e5dgivning for unge, med h\u00f8j kvalitet og ensartethed i alle centre i Danmark.\" \/>\n<meta property=\"og:url\" content=\"https:\/\/headspace.dk\/en\/akkreditering\/\" \/>\n<meta property=\"og:site_name\" content=\"headspace\" \/>\n<meta property=\"article:publisher\" content=\"https:\/\/www.facebook.com\/HeadspaceDanmark\/\" \/>\n<meta property=\"article:modified_time\" content=\"2026-01-13T09:57:01+00:00\" \/>\n<meta name=\"twitter:card\" content=\"summary_large_image\" \/>\n<meta name=\"twitter:label1\" content=\"Est. reading time\" \/>\n\t<meta name=\"twitter:data1\" content=\"3 minutes\" \/>\n<script type=\"application\/ld+json\" class=\"yoast-schema-graph\">{\"@context\":\"https:\\\/\\\/schema.org\",\"@graph\":[{\"@type\":\"WebPage\",\"@id\":\"https:\\\/\\\/headspace.dk\\\/akkreditering\\\/\",\"url\":\"https:\\\/\\\/headspace.dk\\\/akkreditering\\\/\",\"name\":\"Kvalitetssikret r\u00e5dgivning for unge i headspace\",\"isPartOf\":{\"@id\":\"https:\\\/\\\/headspace.dk\\\/#website\"},\"datePublished\":\"2022-11-22T10:48:33+00:00\",\"dateModified\":\"2026-01-13T09:57:01+00:00\",\"description\":\"Headspace tilbyder akkrediteret face-to-face-r\u00e5dgivning for unge, med h\u00f8j kvalitet og ensartethed i alle centre i Danmark.\",\"breadcrumb\":{\"@id\":\"https:\\\/\\\/headspace.dk\\\/akkreditering\\\/#breadcrumb\"},\"inLanguage\":\"en-US\",\"potentialAction\":[{\"@type\":\"ReadAction\",\"target\":[\"https:\\\/\\\/headspace.dk\\\/akkreditering\\\/\"]}]},{\"@type\":\"BreadcrumbList\",\"@id\":\"https:\\\/\\\/headspace.dk\\\/akkreditering\\\/#breadcrumb\",\"itemListElement\":[{\"@type\":\"ListItem\",\"position\":1,\"name\":\"Hjem\",\"item\":\"https:\\\/\\\/headspace.dk\\\/\"},{\"@type\":\"ListItem\",\"position\":2,\"name\":\"Akkreditering\"}]},{\"@type\":\"WebSite\",\"@id\":\"https:\\\/\\\/headspace.dk\\\/#website\",\"url\":\"https:\\\/\\\/headspace.dk\\\/\",\"name\":\"headspace\",\"description\":\"vi er nogen at tale med\",\"publisher\":{\"@id\":\"https:\\\/\\\/headspace.dk\\\/#organization\"},\"potentialAction\":[{\"@type\":\"SearchAction\",\"target\":{\"@type\":\"EntryPoint\",\"urlTemplate\":\"https:\\\/\\\/headspace.dk\\\/?s={search_term_string}\"},\"query-input\":{\"@type\":\"PropertyValueSpecification\",\"valueRequired\":true,\"valueName\":\"search_term_string\"}}],\"inLanguage\":\"en-US\"},{\"@type\":\"Organization\",\"@id\":\"https:\\\/\\\/headspace.dk\\\/#organization\",\"name\":\"headspace\",\"url\":\"https:\\\/\\\/headspace.dk\\\/\",\"logo\":{\"@type\":\"ImageObject\",\"inLanguage\":\"en-US\",\"@id\":\"https:\\\/\\\/headspace.dk\\\/#\\\/schema\\\/logo\\\/image\\\/\",\"url\":\"https:\\\/\\\/headspace.dk\\\/wp-content\\\/uploads\\\/2024\\\/06\\\/3.png\",\"contentUrl\":\"https:\\\/\\\/headspace.dk\\\/wp-content\\\/uploads\\\/2024\\\/06\\\/3.png\",\"width\":1080,\"height\":1080,\"caption\":\"headspace\"},\"image\":{\"@id\":\"https:\\\/\\\/headspace.dk\\\/#\\\/schema\\\/logo\\\/image\\\/\"},\"sameAs\":[\"https:\\\/\\\/www.facebook.com\\\/HeadspaceDanmark\\\/\",\"https:\\\/\\\/www.tiktok.com\\\/@headspacedanmark\",\"https:\\\/\\\/www.instagram.com\\\/headspacedanmark\\\/\"]}]}<\/script>\n<!-- \/ Yoast SEO plugin. -->","yoast_head_json":{"title":"Kvalitetssikret r\u00e5dgivning for unge i headspace","description":"Headspace tilbyder akkrediteret face-to-face-r\u00e5dgivning for unge, med h\u00f8j kvalitet og ensartethed i alle centre i Danmark.","robots":{"index":"index","follow":"follow","max-snippet":"max-snippet:-1","max-image-preview":"max-image-preview:large","max-video-preview":"max-video-preview:-1"},"canonical":"https:\/\/headspace.dk\/en\/akkreditering\/","og_locale":"en_US","og_type":"article","og_title":"Kvalitetssikret r\u00e5dgivning for unge i headspace","og_description":"Headspace tilbyder akkrediteret face-to-face-r\u00e5dgivning for unge, med h\u00f8j kvalitet og ensartethed i alle centre i Danmark.","og_url":"https:\/\/headspace.dk\/en\/akkreditering\/","og_site_name":"headspace","article_publisher":"https:\/\/www.facebook.com\/HeadspaceDanmark\/","article_modified_time":"2026-01-13T09:57:01+00:00","twitter_card":"summary_large_image","twitter_misc":{"Est. reading time":"3 minutes"},"schema":{"@context":"https:\/\/schema.org","@graph":[{"@type":"WebPage","@id":"https:\/\/headspace.dk\/akkreditering\/","url":"https:\/\/headspace.dk\/akkreditering\/","name":"Kvalitetssikret r\u00e5dgivning for unge i headspace","isPartOf":{"@id":"https:\/\/headspace.dk\/#website"},"datePublished":"2022-11-22T10:48:33+00:00","dateModified":"2026-01-13T09:57:01+00:00","description":"Headspace tilbyder akkrediteret face-to-face-r\u00e5dgivning for unge, med h\u00f8j kvalitet og ensartethed i alle centre i Danmark.","breadcrumb":{"@id":"https:\/\/headspace.dk\/akkreditering\/#breadcrumb"},"inLanguage":"en-US","potentialAction":[{"@type":"ReadAction","target":["https:\/\/headspace.dk\/akkreditering\/"]}]},{"@type":"BreadcrumbList","@id":"https:\/\/headspace.dk\/akkreditering\/#breadcrumb","itemListElement":[{"@type":"ListItem","position":1,"name":"Hjem","item":"https:\/\/headspace.dk\/"},{"@type":"ListItem","position":2,"name":"Akkreditering"}]},{"@type":"WebSite","@id":"https:\/\/headspace.dk\/#website","url":"https:\/\/headspace.dk\/","name":"headspace","description":"we are someone to talk to","publisher":{"@id":"https:\/\/headspace.dk\/#organization"},"potentialAction":[{"@type":"SearchAction","target":{"@type":"EntryPoint","urlTemplate":"https:\/\/headspace.dk\/?s={search_term_string}"},"query-input":{"@type":"PropertyValueSpecification","valueRequired":true,"valueName":"search_term_string"}}],"inLanguage":"en-US"},{"@type":"Organization","@id":"https:\/\/headspace.dk\/#organization","name":"headspace","url":"https:\/\/headspace.dk\/","logo":{"@type":"ImageObject","inLanguage":"en-US","@id":"https:\/\/headspace.dk\/#\/schema\/logo\/image\/","url":"https:\/\/headspace.dk\/wp-content\/uploads\/2024\/06\/3.png","contentUrl":"https:\/\/headspace.dk\/wp-content\/uploads\/2024\/06\/3.png","width":1080,"height":1080,"caption":"headspace"},"image":{"@id":"https:\/\/headspace.dk\/#\/schema\/logo\/image\/"},"sameAs":["https:\/\/www.facebook.com\/HeadspaceDanmark\/","https:\/\/www.tiktok.com\/@headspacedanmark","https:\/\/www.instagram.com\/headspacedanmark\/"]}]}},"_links":{"self":[{"href":"https:\/\/headspace.dk\/en\/wp-json\/wp\/v2\/pages\/1754","targetHints":{"allow":["GET"]}}],"collection":[{"href":"https:\/\/headspace.dk\/en\/wp-json\/wp\/v2\/pages"}],"about":[{"href":"https:\/\/headspace.dk\/en\/wp-json\/wp\/v2\/types\/page"}],"author":[{"embeddable":true,"href":"https:\/\/headspace.dk\/en\/wp-json\/wp\/v2\/users\/486"}],"replies":[{"embeddable":true,"href":"https:\/\/headspace.dk\/en\/wp-json\/wp\/v2\/comments?post=1754"}],"version-history":[{"count":9,"href":"https:\/\/headspace.dk\/en\/wp-json\/wp\/v2\/pages\/1754\/revisions"}],"predecessor-version":[{"id":20692,"href":"https:\/\/headspace.dk\/en\/wp-json\/wp\/v2\/pages\/1754\/revisions\/20692"}],"wp:attachment":[{"href":"https:\/\/headspace.dk\/en\/wp-json\/wp\/v2\/media?parent=1754"}],"curies":[{"name":"wp","href":"https:\/\/api.w.org\/{rel}","templated":true}]}}